{"id":22701,"date":"2024-12-13T17:24:35","date_gmt":"2024-12-13T16:24:35","guid":{"rendered":"https:\/\/eterle.cz\/eshop\/produkt\/jidelni-sada-pro-4-kahla-2\/"},"modified":"2025-10-08T22:47:09","modified_gmt":"2025-10-08T20:47:09","slug":"jidelni-sada-pro-4-kahla-2","status":"publish","type":"product","link":"https:\/\/eterle.cz\/eshop\/produkt\/jidelni-sada-pro-4-kahla-2\/","title":{"rendered":"J\u00eddeln\u00ed sada pro 4 \/ Kahla"},"content":{"rendered":"<p>J\u00eddeln\u00ed sada pro 4 osoby od n\u011bmeck\u00e9 porcel\u00e1nky Kahla  s dlouholetou tradic\u00ed od roku 1844. Tal\u00ed\u0159e maj\u00ed kr\u00e1sn\u00e9 n\u011b\u017en\u00e9 plastick\u00e9 zdoben\u00ed po obvodu, dopln\u011bno zlat\u00fdm prou\u017ekem, kter\u00fd dod\u00e1v\u00e1 porcel\u00e1nu slavnostn\u00ed punc.<br \/>\nMotto zna\u010dky Kahla zn\u00ed \u201efor all senses\u201c, tedy porcel\u00e1n pro v\u0161echny smysly.<\/p>\n<p>Stav: velmi dobr\u00fd<br \/>\nZna\u010dka: Kahla<br \/>\nRozm\u011br<br \/>\nPr\u016fm\u011br m\u011blk\u00e9ho tal\u00ed\u0159e: 24,5 cm<br \/>\nPr\u016fm\u011br hlubok\u00e9ho tal\u00ed\u0159e: 24,5 cm<br \/>\nPr\u016fm\u011br dezertn\u00edho tal\u00ed\u0159e: 18 cm<\/p>\n","protected":false},"excerpt":{"rendered":"<p>J\u00eddeln\u00ed sada pro 4 osoby od n\u011bmeck\u00e9 porcel\u00e1nky Kahla s dlouholetou tradic\u00ed od roku 1844. Tal\u00ed\u0159e maj\u00ed kr\u00e1sn\u00e9 n\u011b\u017en\u00e9 plastick\u00e9<\/p>\n","protected":false},"featured_media":22702,"template":"","meta":[],"product_brand":[153],"product_cat":[91],"product_tag":[],"class_list":{"0":"post-22701","1":"product","2":"type-product","3":"status-publish","4":"has-post-thumbnail","6":"product_brand-eterle-cz","7":"product_cat-prodane","9":"first","10":"outofstock","11":"purchasable","12":"product-type-simple"},"_links":{"self":[{"href":"https:\/\/eterle.cz\/eshop\/wp-json\/wp\/v2\/product\/22701","targetHints":{"allow":["GET"]}}],"collection":[{"href":"https:\/\/eterle.cz\/eshop\/wp-json\/wp\/v2\/product"}],"about":[{"href":"https:\/\/eterle.cz\/eshop\/wp-json\/wp\/v2\/types\/product"}],"version-history":[{"count":1,"href":"https:\/\/eterle.cz\/eshop\/wp-json\/wp\/v2\/product\/22701\/revisions"}],"predecessor-version":[{"id":26540,"href":"https:\/\/eterle.cz\/eshop\/wp-json\/wp\/v2\/product\/22701\/revisions\/26540"}],"wp:featuredmedia":[{"embeddable":true,"href":"https:\/\/eterle.cz\/eshop\/wp-json\/wp\/v2\/media\/22702"}],"wp:attachment":[{"href":"https:\/\/eterle.cz\/eshop\/wp-json\/wp\/v2\/media?parent=22701"}],"wp:term":[{"taxonomy":"product_brand","embeddable":true,"href":"https:\/\/eterle.cz\/eshop\/wp-json\/wp\/v2\/product_brand?post=22701"},{"taxonomy":"product_cat","embeddable":true,"href":"https:\/\/eterle.cz\/eshop\/wp-json\/wp\/v2\/product_cat?post=22701"},{"taxonomy":"product_tag","embeddable":true,"href":"https:\/\/eterle.cz\/eshop\/wp-json\/wp\/v2\/product_tag?post=22701"}],"curies":[{"name":"wp","href":"https:\/\/api.w.org\/{rel}","templated":true}]}}