{"id":22719,"date":"2024-12-13T17:25:11","date_gmt":"2024-12-13T16:25:11","guid":{"rendered":"https:\/\/eterle.cz\/eshop\/produkt\/jidelni-sada-pro-6-rosenthal\/"},"modified":"2025-06-24T01:56:20","modified_gmt":"2025-06-23T23:56:20","slug":"jidelni-sada-pro-6-rosenthal","status":"publish","type":"product","link":"https:\/\/eterle.cz\/eshop\/produkt\/jidelni-sada-pro-6-rosenthal\/","title":{"rendered":"J\u00eddeln\u00ed sada pro 6 \/ Rosenthal"},"content":{"rendered":"<p>J\u00eddlen\u00ed sada &#8222;Romance&#8220; pro 6 osob od n\u011bmeck\u00e9 porcel\u00e1nky Rosenthal podle n\u00e1vrhu d\u00e1nsk\u00e9ho mal\u00ed\u0159e a design\u00e9ra Bj\u00f8rn Wiinblada. Tento designer byl v New Yorku v roce 1985 jmenov\u00e1n Mu\u017eem roku a v roce 1995 z\u00edskal kulturn\u00ed cenu Americko-skandin\u00e1vsk\u00e9 nadace. Wiinblad byl v\u00fdznamn\u00fdm n\u00e1vrh\u00e1\u0159em porcel\u00e1nky Rosenthal.<\/p>\n<p>Porcel\u00e1n je tenk\u00fd a pln\u011b pokryt plastick\u00fdm jemn\u00fdm vzorem ov\u00e1l\u016f a te\u010dek, kter\u00fd je je\u0161t\u011b dekorov\u00e1n ru\u010dn\u00ed malbou kv\u011btin v \u0161edo v\u00ednov\u00e9 barv\u011b.<\/p>\n<p>Sada obsahuje: 6 m\u011blk\u00fdch tal\u00ed\u0159\u016f, 6 misek s pod\u0161\u00e1lkem  na bujon, ov\u00e1lnou m\u00edsu, m\u00edsu s poklopem, malou ov\u00e1lnou misku<\/p>\n<p>Stav: velmi dobr\u00fd<br \/>\nZna\u010dka: Rosenthal<br \/>\nRozm\u011br<br \/>\nPr\u016fm\u011br m\u011blk\u00e9ho tal\u00ed\u0159e: 25 cm<br \/>\nMiska na buj\u00f3n: pr\u016fm\u011br 12 cm, v\u00fd\u0161ka 6 cm<br \/>\nPr\u016fm\u011br pod\u0161\u00e1lku: 17 cm<br \/>\nRozm\u011br ov\u00e1ln\u00e1 m\u00edsa: 39 x 27 cm<br \/>\nRozm\u011br misti\u010dky: 25 x 14,5 cm<br \/>\nObjem m\u00edsy s poklopem: 1 l<\/p>\n","protected":false},"excerpt":{"rendered":"<p>J\u00eddlen\u00ed sada &#8222;Romance&#8220; pro 6 osob od n\u011bmeck\u00e9 porcel\u00e1nky Rosenthal podle n\u00e1vrhu d\u00e1nsk\u00e9ho mal\u00ed\u0159e a design\u00e9ra Bj\u00f8rn Wiinblada. Tento designer<\/p>\n","protected":false},"featured_media":22720,"template":"","meta":[],"product_brand":[153],"product_cat":[76,111],"product_tag":[],"class_list":{"0":"post-22719","1":"product","2":"type-product","3":"status-publish","4":"has-post-thumbnail","6":"product_brand-eterle-cz","7":"product_cat-porcelan","8":"product_cat-porcelanove-sady","10":"first","11":"instock","12":"purchasable","13":"product-type-simple"},"_links":{"self":[{"href":"https:\/\/eterle.cz\/eshop\/wp-json\/wp\/v2\/product\/22719","targetHints":{"allow":["GET"]}}],"collection":[{"href":"https:\/\/eterle.cz\/eshop\/wp-json\/wp\/v2\/product"}],"about":[{"href":"https:\/\/eterle.cz\/eshop\/wp-json\/wp\/v2\/types\/product"}],"version-history":[{"count":1,"href":"https:\/\/eterle.cz\/eshop\/wp-json\/wp\/v2\/product\/22719\/revisions"}],"predecessor-version":[{"id":26538,"href":"https:\/\/eterle.cz\/eshop\/wp-json\/wp\/v2\/product\/22719\/revisions\/26538"}],"wp:featuredmedia":[{"embeddable":true,"href":"https:\/\/eterle.cz\/eshop\/wp-json\/wp\/v2\/media\/22720"}],"wp:attachment":[{"href":"https:\/\/eterle.cz\/eshop\/wp-json\/wp\/v2\/media?parent=22719"}],"wp:term":[{"taxonomy":"product_brand","embeddable":true,"href":"https:\/\/eterle.cz\/eshop\/wp-json\/wp\/v2\/product_brand?post=22719"},{"taxonomy":"product_cat","embeddable":true,"href":"https:\/\/eterle.cz\/eshop\/wp-json\/wp\/v2\/product_cat?post=22719"},{"taxonomy":"product_tag","embeddable":true,"href":"https:\/\/eterle.cz\/eshop\/wp-json\/wp\/v2\/product_tag?post=22719"}],"curies":[{"name":"wp","href":"https:\/\/api.w.org\/{rel}","templated":true}]}}