{"id":22730,"date":"2024-12-13T17:25:35","date_gmt":"2024-12-13T16:25:35","guid":{"rendered":"https:\/\/eterle.cz\/eshop\/produkt\/jidelni-sada-pro-4-rosenthal\/"},"modified":"2025-12-19T13:32:12","modified_gmt":"2025-12-19T12:32:12","slug":"jidelni-sada-pro-4-rosenthal","status":"publish","type":"product","link":"https:\/\/eterle.cz\/eshop\/produkt\/jidelni-sada-pro-4-rosenthal\/","title":{"rendered":"J\u00eddeln\u00ed sada pro 4 \/ Rosenthal"},"content":{"rendered":"<p>J\u00eddlen\u00ed sada &#8222;Romance&#8220; pro 4 osoby od n\u011bmeck\u00e9 porcel\u00e1nky Rosenthal podle n\u00e1vrhu d\u00e1nsk\u00e9ho mal\u00ed\u0159e a design\u00e9ra Bj\u00f8rn Wiinblada. Tento designer byl v New Yorku v roce 1985 jmenov\u00e1n Mu\u017eem roku a v roce 1995 z\u00edskal kulturn\u00ed cenu Americko-skandin\u00e1vsk\u00e9 nadace. Wiinblad byl v\u00fdznamn\u00fdm n\u00e1vrh\u00e1\u0159em porcel\u00e1nky Rosenthal.<\/p>\n<p>Porcel\u00e1n je tenk\u00fd a pln\u011b pokryt plastick\u00fdm jemn\u00fdm vzorem ov\u00e1l\u016f a te\u010dek, kter\u00fd je je\u0161t\u011b dekorov\u00e1n ru\u010dn\u00ed malbou kv\u011btin v \u0161edo v\u00ednov\u00e9 barv\u011b.<\/p>\n<p>Sada obsahuje: 4 m\u011blk\u00e9 tal\u00ed\u0159e, 4 misky s pod\u0161\u00e1lkem na bujon, ov\u00e1lnou m\u00edsu<\/p>\n<p>Stav: velmi dobr\u00fd<br \/>\nZna\u010dka: Rosenthal<br \/>\nRozm\u011br<br \/>\nPr\u016fm\u011br m\u011blk\u00e9ho tal\u00ed\u0159e: 25 cm<br \/>\nMiska na buj\u00f3n: pr\u016fm\u011br 12 cm, v\u00fd\u0161ka 6 cm<br \/>\nPr\u016fm\u011br pod\u0161\u00e1lku: 17 cm<br \/>\nRozm\u011br ov\u00e1ln\u00e1 m\u00edsa: 39 x 27 cm<\/p>\n","protected":false},"excerpt":{"rendered":"<p>J\u00eddlen\u00ed sada &#8222;Romance&#8220; pro 4 osoby od n\u011bmeck\u00e9 porcel\u00e1nky Rosenthal podle n\u00e1vrhu d\u00e1nsk\u00e9ho mal\u00ed\u0159e a design\u00e9ra Bj\u00f8rn Wiinblada. Tento designer<\/p>\n","protected":false},"featured_media":22731,"template":"","meta":[],"product_brand":[153],"product_cat":[76,111,101],"product_tag":[],"class_list":{"0":"post-22730","1":"product","2":"type-product","3":"status-publish","4":"has-post-thumbnail","6":"product_brand-eterle-cz","7":"product_cat-porcelan","8":"product_cat-porcelanove-sady","9":"product_cat-rosenthal","11":"first","12":"instock","13":"purchasable","14":"product-type-simple"},"_links":{"self":[{"href":"https:\/\/eterle.cz\/eshop\/wp-json\/wp\/v2\/product\/22730","targetHints":{"allow":["GET"]}}],"collection":[{"href":"https:\/\/eterle.cz\/eshop\/wp-json\/wp\/v2\/product"}],"about":[{"href":"https:\/\/eterle.cz\/eshop\/wp-json\/wp\/v2\/types\/product"}],"version-history":[{"count":2,"href":"https:\/\/eterle.cz\/eshop\/wp-json\/wp\/v2\/product\/22730\/revisions"}],"predecessor-version":[{"id":32679,"href":"https:\/\/eterle.cz\/eshop\/wp-json\/wp\/v2\/product\/22730\/revisions\/32679"}],"wp:featuredmedia":[{"embeddable":true,"href":"https:\/\/eterle.cz\/eshop\/wp-json\/wp\/v2\/media\/22731"}],"wp:attachment":[{"href":"https:\/\/eterle.cz\/eshop\/wp-json\/wp\/v2\/media?parent=22730"}],"wp:term":[{"taxonomy":"product_brand","embeddable":true,"href":"https:\/\/eterle.cz\/eshop\/wp-json\/wp\/v2\/product_brand?post=22730"},{"taxonomy":"product_cat","embeddable":true,"href":"https:\/\/eterle.cz\/eshop\/wp-json\/wp\/v2\/product_cat?post=22730"},{"taxonomy":"product_tag","embeddable":true,"href":"https:\/\/eterle.cz\/eshop\/wp-json\/wp\/v2\/product_tag?post=22730"}],"curies":[{"name":"wp","href":"https:\/\/api.w.org\/{rel}","templated":true}]}}