{"id":22738,"date":"2024-12-13T17:25:51","date_gmt":"2024-12-13T16:25:51","guid":{"rendered":"https:\/\/eterle.cz\/eshop\/produkt\/jidelni-sada-pro-6-konigl-pr-tettau\/"},"modified":"2026-01-01T19:19:42","modified_gmt":"2026-01-01T18:19:42","slug":"jidelni-sada-pro-6-konigl-pr-tettau","status":"publish","type":"product","link":"https:\/\/eterle.cz\/eshop\/produkt\/jidelni-sada-pro-6-konigl-pr-tettau\/","title":{"rendered":"J\u00eddeln\u00ed sada pro 6 \/ K\u00f6nigl pr. Tettau"},"content":{"rendered":"<p>Vysoce elgantn\u00ed j\u00eddeln\u00ed sada pro 6 osob od porcel\u00e1nky K\u00f6nigl tettau, kter\u00e1 byla zalo\u017eena ji\u017e v roce 1794. Zkladatel G. Greiner poch\u00e1zel z rozv\u011btven\u00e9 durynsk\u00e9 dynastie porcel\u00e1nu a vyvinul \u010dist\u011b b\u00edl\u00fd transparentn\u00ed Tettauersk\u00fd st\u0159ep (Tettauer Scherben), kter\u00fd se stal u dvora symbolem nej\u0161lechetn\u011bj\u0161\u00ed kultury stolov\u00e1n\u00ed. Od za\u010d\u00e1tku 19. stolet\u00ed je tato zna\u010dka pokl\u00e1d\u00e1na za sou\u010d\u00e1st slavnostn\u00edho stolov\u00e1n\u00ed s nejvy\u0161\u0161\u00ed kvalitou. Porcel\u00e1nov\u00e9 servisy K\u00f6niglich Tettau se d\u00edky dlouholet\u00fdm zku\u0161enostem mohou py\u0161nit dokonal\u00fdm povrchem, \u00fa\u017easn\u00fdmi detaily a nep\u0159ekonatelnou pr\u016fzra\u010dnost\u00ed. Hlavn\u00edm znakem, kter\u00fd korunuje v\u00fdzdobu, je lev Tettau. Ozna\u010duje porcel\u00e1n za kr\u00e1lovsk\u00fd, klasick\u00fd, vzne\u0161en\u00fd a elegantn\u00ed.<\/p>\n<p>Sada obsahuje 38 kus\u016f: 6x m\u011blk\u00fd tal\u00ed\u0159, 6x miska na buj\u00f3n s pod\u0161\u00e1lkem, 6x miska na sal\u00e1t, 6x dezertn\u00ed tal\u00ed\u0159ek, 2x m\u00edsa na sal\u00e1t, 1x misti\u010dka, om\u00e1\u010dn\u00edk, m\u00edsa s poklopem, 3x r\u016fzn\u011b velk\u00e9 ov\u00e1ln\u00e9 m\u00edsy<\/p>\n<p>Stav: v\u00fdborn\u00fd<br \/>\nZna\u010dka:K\u00f6nigl pr. Tettau<br \/>\nRozm\u011br<br \/>\nPr\u016fm\u011br m\u011blk\u00e9ho tal\u00ed\u0159e: 25 cm<br \/>\nMiska na buj\u00f3n: pr\u016fm\u011br 10,5 cm; v\u00fd\u0161ka 6,5 cm<br \/>\nPr\u016fm\u011br pod\u0161\u00e1lku: 17 cm<br \/>\nPr\u016fm\u011br dezertn\u00edho tal\u00ed\u0159ku: 19,5 cm<br \/>\nPr\u016fm\u011br sal\u00e1tov\u00e9 misky: 12,5 cm<br \/>\nPr\u016fm\u011br mal\u00e9 misky: 15,5 cm<br \/>\nPr\u016fm\u011br m\u00edsy na sal\u00e1t: 22 cm<br \/>\nOv\u00e1ln\u00e1 m\u00edsa: 36 x 25 cm<br \/>\nOv\u00e1ln\u00e1 miska: 24,5 x 14,5 cm<br \/>\nOv\u00e1ln\u00e1 m\u00edsa vy\u0161\u0161\u00ed: 25 x 18 cm<br \/>\nOm\u00e1\u010dn\u00edk: v\u00fd\u0161ka 8 cm, pr\u016fm\u011br 12 cm<br \/>\nM\u00edsa s poklopem objem: 1,5 l<\/p>\n","protected":false},"excerpt":{"rendered":"<p>Vysoce elgantn\u00ed j\u00eddeln\u00ed sada pro 6 osob od porcel\u00e1nky K\u00f6nigl tettau, kter\u00e1 byla zalo\u017eena ji\u017e v roce 1794. Zkladatel G.<\/p>\n","protected":false},"featured_media":22739,"template":"","meta":[],"product_brand":[153],"product_cat":[76,111],"product_tag":[],"class_list":{"0":"post-22738","1":"product","2":"type-product","3":"status-publish","4":"has-post-thumbnail","6":"product_brand-eterle-cz","7":"product_cat-porcelan","8":"product_cat-porcelanove-sady","10":"first","11":"instock","12":"purchasable","13":"product-type-simple"},"_links":{"self":[{"href":"https:\/\/eterle.cz\/eshop\/wp-json\/wp\/v2\/product\/22738","targetHints":{"allow":["GET"]}}],"collection":[{"href":"https:\/\/eterle.cz\/eshop\/wp-json\/wp\/v2\/product"}],"about":[{"href":"https:\/\/eterle.cz\/eshop\/wp-json\/wp\/v2\/types\/product"}],"version-history":[{"count":2,"href":"https:\/\/eterle.cz\/eshop\/wp-json\/wp\/v2\/product\/22738\/revisions"}],"predecessor-version":[{"id":31354,"href":"https:\/\/eterle.cz\/eshop\/wp-json\/wp\/v2\/product\/22738\/revisions\/31354"}],"wp:featuredmedia":[{"embeddable":true,"href":"https:\/\/eterle.cz\/eshop\/wp-json\/wp\/v2\/media\/22739"}],"wp:attachment":[{"href":"https:\/\/eterle.cz\/eshop\/wp-json\/wp\/v2\/media?parent=22738"}],"wp:term":[{"taxonomy":"product_brand","embeddable":true,"href":"https:\/\/eterle.cz\/eshop\/wp-json\/wp\/v2\/product_brand?post=22738"},{"taxonomy":"product_cat","embeddable":true,"href":"https:\/\/eterle.cz\/eshop\/wp-json\/wp\/v2\/product_cat?post=22738"},{"taxonomy":"product_tag","embeddable":true,"href":"https:\/\/eterle.cz\/eshop\/wp-json\/wp\/v2\/product_tag?post=22738"}],"curies":[{"name":"wp","href":"https:\/\/api.w.org\/{rel}","templated":true}]}}