{"id":22752,"date":"2024-12-13T17:26:17","date_gmt":"2024-12-13T16:26:17","guid":{"rendered":"https:\/\/eterle.cz\/eshop\/produkt\/jidelni-sada-pro-6-villeroy-boch\/"},"modified":"2025-06-24T01:56:20","modified_gmt":"2025-06-23T23:56:20","slug":"jidelni-sada-pro-6-villeroy-boch","status":"publish","type":"product","link":"https:\/\/eterle.cz\/eshop\/produkt\/jidelni-sada-pro-6-villeroy-boch\/","title":{"rendered":"J\u00eddeln\u00ed sada pro 6 \/ Villeroy Boch"},"content":{"rendered":"<p>Staro\u017eitn\u00e1 j\u00eddeln\u00ed sada pro 6 osob od renomovan\u00e9 n\u011bmeck\u00e9 spole\u010dnosit Villeroy &#038; Boch, jej\u00ed\u017e historie sah\u00e1 a\u017e do roku 1748, kdy byla zalo\u017eena Fran\u00e7oisem Bochem a Nicolaem Villeroyem. Tato n\u00e1dhern\u00e1 staro\u017eitn\u00e1 sada se vzorem elbe je jak z anglick\u00e9ho venkovsk\u00e9ho s\u00eddla.<\/p>\n<p>Jako jedna z nejstar\u0161\u00edch a nejzn\u00e1m\u011bj\u0161\u00edch evropsk\u00fdch zna\u010dek si Villeroy &#038; Boch ji\u017e v polovin\u011b 19. stolet\u00ed vybudovala zastoupen\u00ed p\u0159esahuj\u00edc\u00ed Evropu. Od sam\u00e9ho po\u010d\u00e1tku je pr\u016fkopn\u00edkem v oblasti inovativn\u00edch materi\u00e1l\u016f, v\u00fdrobn\u00edch technik a p\u0159edev\u0161\u00edm designu \u2013 jednoho z nejd\u016fle\u017eit\u011bj\u0161\u00edch atribut\u016f zna\u010dky. Souhra mezi tradic\u00ed a modernost\u00ed je kl\u00ed\u010dov\u00fdm faktorem t\u00e9to zna\u010dky. <\/p>\n<p>Sada obsahuje 30 kus\u016f: 6x m\u011blk\u00fd tal\u00ed\u0159, 6x hlubok\u00fd tal\u00ed\u0159, 6x dezertn\u00ed tal\u00ed\u0159, 6x men\u0161\u00ed tal\u00ed\u0159ky, 1x m\u00edsa na sal\u00e1t, 2x ov\u00e1ln\u00e1 m\u00edsa r\u016fzn\u00e9 veliksoti, pol\u00e9vkov\u00e1 m\u00edsa, m\u00edsa s poklopem, om\u00e1\u010dn\u00edk<\/p>\n<p>Stav: velmi dobr\u00fd; tento typ porcel\u00e1nu b\u00fdv\u00e1 \u010dasto hodn\u011b otlu\u010den\u00fd, zde jen jeden mali\u010dk\u00fd o\u0165uk na hranat\u00e9 m\u00edse a jednom dezertnm tal\u00ed\u0159ku. P\u00e1r kousk\u016f m\u00e1 \u017elut\u00fd n\u00e1dech, co\u017e dod\u00e1v\u00e1 sad\u011b na autentick\u00e9m vintage stylu<br \/>\nZna\u010dka: Villeroy Boch<br \/>\nRozm\u011br<br \/>\nPr\u016fm\u011br m\u011blk\u00e9ho tal\u00ed\u0159e: 24 cm<br \/>\nPr\u016fm\u011br hlubok\u00e9ho tal\u00ed\u0159e: 24 cm<br \/>\nPr\u016fm\u011br dezertn\u00edho tal\u00ed\u0159e: 20,5 cm<br \/>\nPr\u016fm\u011br men\u0161\u00edch tal\u00ed\u0159k\u016f: 16 cm<br \/>\nSal\u00e1tov\u00e1 m\u00edsa: pr\u016fm\u011br 24 cm, v\u00fd\u0161ka 7 cm<br \/>\nOv\u00e1ln\u00e1 m\u00edsa: 37 x 30 cm<br \/>\nOv\u00e1ln\u00e1 m\u00edsa: 32 x 25 cm<br \/>\nPol\u00e9vkov\u00e1 m\u00edsa: v\u00fd\u0161ka 24, objem 2,5 l<br \/>\nM\u00edsa s poklopem: v\u00fd\u0161ka 15, objem 900 ml<br \/>\nOm\u00e1\u010dn\u00edk: d\u00e9lka 29 cm, v\u00fd\u0161ka 12 cm<\/p>\n","protected":false},"excerpt":{"rendered":"<p>Staro\u017eitn\u00e1 j\u00eddeln\u00ed sada pro 6 osob od renomovan\u00e9 n\u011bmeck\u00e9 spole\u010dnosit Villeroy &#038; Boch, jej\u00ed\u017e historie sah\u00e1 a\u017e do roku 1748,<\/p>\n","protected":false},"featured_media":22753,"template":"","meta":[],"product_brand":[153],"product_cat":[76,111],"product_tag":[],"class_list":{"0":"post-22752","1":"product","2":"type-product","3":"status-publish","4":"has-post-thumbnail","6":"product_brand-eterle-cz","7":"product_cat-porcelan","8":"product_cat-porcelanove-sady","10":"first","11":"instock","12":"featured","13":"purchasable","14":"product-type-simple"},"_links":{"self":[{"href":"https:\/\/eterle.cz\/eshop\/wp-json\/wp\/v2\/product\/22752","targetHints":{"allow":["GET"]}}],"collection":[{"href":"https:\/\/eterle.cz\/eshop\/wp-json\/wp\/v2\/product"}],"about":[{"href":"https:\/\/eterle.cz\/eshop\/wp-json\/wp\/v2\/types\/product"}],"version-history":[{"count":1,"href":"https:\/\/eterle.cz\/eshop\/wp-json\/wp\/v2\/product\/22752\/revisions"}],"predecessor-version":[{"id":26535,"href":"https:\/\/eterle.cz\/eshop\/wp-json\/wp\/v2\/product\/22752\/revisions\/26535"}],"wp:featuredmedia":[{"embeddable":true,"href":"https:\/\/eterle.cz\/eshop\/wp-json\/wp\/v2\/media\/22753"}],"wp:attachment":[{"href":"https:\/\/eterle.cz\/eshop\/wp-json\/wp\/v2\/media?parent=22752"}],"wp:term":[{"taxonomy":"product_brand","embeddable":true,"href":"https:\/\/eterle.cz\/eshop\/wp-json\/wp\/v2\/product_brand?post=22752"},{"taxonomy":"product_cat","embeddable":true,"href":"https:\/\/eterle.cz\/eshop\/wp-json\/wp\/v2\/product_cat?post=22752"},{"taxonomy":"product_tag","embeddable":true,"href":"https:\/\/eterle.cz\/eshop\/wp-json\/wp\/v2\/product_tag?post=22752"}],"curies":[{"name":"wp","href":"https:\/\/api.w.org\/{rel}","templated":true}]}}