{"id":22769,"date":"2024-12-13T17:26:56","date_gmt":"2024-12-13T16:26:56","guid":{"rendered":"https:\/\/eterle.cz\/eshop\/produkt\/jidelni-sada-pro-6-rosenthal-2\/"},"modified":"2026-01-01T19:19:42","modified_gmt":"2026-01-01T18:19:42","slug":"jidelni-sada-pro-6-rosenthal-2","status":"publish","type":"product","link":"https:\/\/eterle.cz\/eshop\/produkt\/jidelni-sada-pro-6-rosenthal-2\/","title":{"rendered":"J\u00eddeln\u00ed sada pro 6  \/ Rosenthal"},"content":{"rendered":"<p>Romantick\u00e1 j\u00eddeln\u00ed sada pro 6 osob od n\u011bmeck\u00e9 zna\u010dky Rosenthal ze s\u00e9rie Hortense, vyroben za\u010d\u00e1tkem 20. stolet\u00ed. Porcel\u00e1n je zdoben decentn\u00edm kv\u011btinov\u00fdm dekorem se zlatou linkou.<\/p>\n<p>Sada obsahuje 21 kus\u016f: 6x m\u011blk\u00fd tal\u00ed\u0159, 6x hlubok\u00fd tal\u00ed\u0159, velk\u00e1 kulat\u00e1 m\u00edsa, 3 x ov\u00e1ln\u00e9 m\u00edsy r\u016fzn\u00e9 veliksoti, 2 x sal\u00e1tov\u00e1 m\u00edsa, jedna men\u0161\u00ed sal\u00e1tov\u00e1 m\u00edska, m\u00edsa s poklopem, om\u00e1\u010dn\u00edk<\/p>\n<p>Stav: velmi dobr\u00fd<br \/>\nZna\u010dka: Rosenthal (Kronach Bavaria, Hortnse)<br \/>\nRozm\u011br<br \/>\nPr\u016fm\u011br m\u011blk\u00e9ho tal\u00ed\u0159e: 25 cm<br \/>\nPr\u016fm\u011br hlubok\u00e9ho tal\u00ed\u0159e: 25 cm<br \/>\nVelk\u00e1 kulat\u00e1 m\u00edsa pr\u016fm\u011br: 35 cm<br \/>\nOv\u00e1ln\u00e9 m\u00edsy: 33 x 21 cm; 28,5 x 18 cm; 23 x 13 cm<br \/>\nSal\u00e1tov\u00e9 m\u00edsy: 26 x 22 cm; 21 x 17 cm<br \/>\nM\u00edsa s poklopem objem: 1,1 l<br \/>\nOm\u00e1\u010dn\u00edk: v\u00fd\u0161ka 10 cm, d\u00e9lka 24 cm<\/p>\n","protected":false},"excerpt":{"rendered":"<p>Romantick\u00e1 j\u00eddeln\u00ed sada pro 6 osob od n\u011bmeck\u00e9 zna\u010dky Rosenthal ze s\u00e9rie Hortense, vyroben za\u010d\u00e1tkem 20. stolet\u00ed. Porcel\u00e1n je zdoben<\/p>\n","protected":false},"featured_media":22770,"template":"","meta":[],"product_brand":[153],"product_cat":[76,111],"product_tag":[],"class_list":{"0":"post-22769","1":"product","2":"type-product","3":"status-publish","4":"has-post-thumbnail","6":"product_brand-eterle-cz","7":"product_cat-porcelan","8":"product_cat-porcelanove-sady","10":"first","11":"instock","12":"purchasable","13":"product-type-simple"},"_links":{"self":[{"href":"https:\/\/eterle.cz\/eshop\/wp-json\/wp\/v2\/product\/22769","targetHints":{"allow":["GET"]}}],"collection":[{"href":"https:\/\/eterle.cz\/eshop\/wp-json\/wp\/v2\/product"}],"about":[{"href":"https:\/\/eterle.cz\/eshop\/wp-json\/wp\/v2\/types\/product"}],"version-history":[{"count":2,"href":"https:\/\/eterle.cz\/eshop\/wp-json\/wp\/v2\/product\/22769\/revisions"}],"predecessor-version":[{"id":31353,"href":"https:\/\/eterle.cz\/eshop\/wp-json\/wp\/v2\/product\/22769\/revisions\/31353"}],"wp:featuredmedia":[{"embeddable":true,"href":"https:\/\/eterle.cz\/eshop\/wp-json\/wp\/v2\/media\/22770"}],"wp:attachment":[{"href":"https:\/\/eterle.cz\/eshop\/wp-json\/wp\/v2\/media?parent=22769"}],"wp:term":[{"taxonomy":"product_brand","embeddable":true,"href":"https:\/\/eterle.cz\/eshop\/wp-json\/wp\/v2\/product_brand?post=22769"},{"taxonomy":"product_cat","embeddable":true,"href":"https:\/\/eterle.cz\/eshop\/wp-json\/wp\/v2\/product_cat?post=22769"},{"taxonomy":"product_tag","embeddable":true,"href":"https:\/\/eterle.cz\/eshop\/wp-json\/wp\/v2\/product_tag?post=22769"}],"curies":[{"name":"wp","href":"https:\/\/api.w.org\/{rel}","templated":true}]}}