{"id":22803,"date":"2024-12-13T17:28:04","date_gmt":"2024-12-13T16:28:04","guid":{"rendered":"https:\/\/eterle.cz\/eshop\/produkt\/jidelni-sada-pro-6-czechoslovakia\/"},"modified":"2025-12-01T00:15:01","modified_gmt":"2025-11-30T23:15:01","slug":"jidelni-sada-pro-6-czechoslovakia","status":"publish","type":"product","link":"https:\/\/eterle.cz\/eshop\/produkt\/jidelni-sada-pro-6-czechoslovakia\/","title":{"rendered":"J\u00eddeln\u00ed sada pro 6 \/ Czechoslovakia"},"content":{"rendered":"<p>V\u00e1no\u010dn\u00ed j\u00eddeln\u00ed sada pro 6 osob se zlat\u00fdm dekorem strome\u010dk\u016f jakoby obalen\u00fdch sn\u011bhovou pe\u0159inou, kter\u00e9 p\u016fsob\u00ed lehce abstraktn\u00edm dojmem.<\/p>\n<p>Stav: v\u00fdborn\u00fd<br \/>\nZna\u010dka: Czechoslovakia<br \/>\nRozm\u011br<br \/>\nPr\u016fm\u011br m\u011blk\u00e9ho tal\u00ed\u0159e: 25 cm<br \/>\nPr\u016fm\u011br hlubok\u00e9ho tal\u00ed\u0159e: 24 cm<br \/>\nPr\u016fm\u011br dezertn\u00edho tal\u00ed\u0159ku: 19 cm<\/p>\n","protected":false},"excerpt":{"rendered":"<p>V\u00e1no\u010dn\u00ed j\u00eddeln\u00ed sada pro 6 osob se zlat\u00fdm dekorem strome\u010dk\u016f jakoby obalen\u00fdch sn\u011bhovou pe\u0159inou, kter\u00e9 p\u016fsob\u00ed lehce abstraktn\u00edm dojmem. Stav:<\/p>\n","protected":false},"featured_media":22804,"template":"","meta":[],"product_brand":[153],"product_cat":[91],"product_tag":[],"class_list":{"0":"post-22803","1":"product","2":"type-product","3":"status-publish","4":"has-post-thumbnail","6":"product_brand-eterle-cz","7":"product_cat-prodane","9":"first","10":"outofstock","11":"purchasable","12":"product-type-simple"},"_links":{"self":[{"href":"https:\/\/eterle.cz\/eshop\/wp-json\/wp\/v2\/product\/22803","targetHints":{"allow":["GET"]}}],"collection":[{"href":"https:\/\/eterle.cz\/eshop\/wp-json\/wp\/v2\/product"}],"about":[{"href":"https:\/\/eterle.cz\/eshop\/wp-json\/wp\/v2\/types\/product"}],"version-history":[{"count":1,"href":"https:\/\/eterle.cz\/eshop\/wp-json\/wp\/v2\/product\/22803\/revisions"}],"predecessor-version":[{"id":26532,"href":"https:\/\/eterle.cz\/eshop\/wp-json\/wp\/v2\/product\/22803\/revisions\/26532"}],"wp:featuredmedia":[{"embeddable":true,"href":"https:\/\/eterle.cz\/eshop\/wp-json\/wp\/v2\/media\/22804"}],"wp:attachment":[{"href":"https:\/\/eterle.cz\/eshop\/wp-json\/wp\/v2\/media?parent=22803"}],"wp:term":[{"taxonomy":"product_brand","embeddable":true,"href":"https:\/\/eterle.cz\/eshop\/wp-json\/wp\/v2\/product_brand?post=22803"},{"taxonomy":"product_cat","embeddable":true,"href":"https:\/\/eterle.cz\/eshop\/wp-json\/wp\/v2\/product_cat?post=22803"},{"taxonomy":"product_tag","embeddable":true,"href":"https:\/\/eterle.cz\/eshop\/wp-json\/wp\/v2\/product_tag?post=22803"}],"curies":[{"name":"wp","href":"https:\/\/api.w.org\/{rel}","templated":true}]}}