{"id":22815,"date":"2024-12-13T17:28:30","date_gmt":"2024-12-13T16:28:30","guid":{"rendered":"https:\/\/eterle.cz\/eshop\/produkt\/svicen-haas-a-czjzek\/"},"modified":"2025-11-26T23:36:08","modified_gmt":"2025-11-26T22:36:08","slug":"svicen-haas-a-czjzek","status":"publish","type":"product","link":"https:\/\/eterle.cz\/eshop\/produkt\/svicen-haas-a-czjzek\/","title":{"rendered":"Sv\u00edcen \/ Haas a Czjzek"},"content":{"rendered":"<p>Elegantn\u00ed a velmi slavnostn\u00ed sv\u00edcen na dv\u011b konick\u00e9 sv\u00ed\u010dky od porcel\u00e1nky Haas a Czjek.<\/p>\n<p>Stav: velmi dobr\u00fd<br \/>\nZna\u010dka: Haas a Czjzek<br \/>\nRozm\u011br<br \/>\nV\u00fd\u0161ka: 15 cm<br \/>\n\u0160\u00ed\u0159ka: 20 cm<br \/>\nPr\u016fm\u011br na sv\u00ed\u010dku: cca 3 cm<\/p>\n","protected":false},"excerpt":{"rendered":"<p>Elegantn\u00ed a velmi slavnostn\u00ed sv\u00edcen na dv\u011b konick\u00e9 sv\u00ed\u010dky od porcel\u00e1nky Haas a Czjek. Stav: velmi dobr\u00fd Zna\u010dka: Haas a<\/p>\n","protected":false},"featured_media":22816,"template":"","meta":[],"product_brand":[153],"product_cat":[91],"product_tag":[],"class_list":{"0":"post-22815","1":"product","2":"type-product","3":"status-publish","4":"has-post-thumbnail","6":"product_brand-eterle-cz","7":"product_cat-prodane","9":"first","10":"outofstock","11":"purchasable","12":"product-type-simple"},"_links":{"self":[{"href":"https:\/\/eterle.cz\/eshop\/wp-json\/wp\/v2\/product\/22815","targetHints":{"allow":["GET"]}}],"collection":[{"href":"https:\/\/eterle.cz\/eshop\/wp-json\/wp\/v2\/product"}],"about":[{"href":"https:\/\/eterle.cz\/eshop\/wp-json\/wp\/v2\/types\/product"}],"version-history":[{"count":1,"href":"https:\/\/eterle.cz\/eshop\/wp-json\/wp\/v2\/product\/22815\/revisions"}],"predecessor-version":[{"id":26530,"href":"https:\/\/eterle.cz\/eshop\/wp-json\/wp\/v2\/product\/22815\/revisions\/26530"}],"wp:featuredmedia":[{"embeddable":true,"href":"https:\/\/eterle.cz\/eshop\/wp-json\/wp\/v2\/media\/22816"}],"wp:attachment":[{"href":"https:\/\/eterle.cz\/eshop\/wp-json\/wp\/v2\/media?parent=22815"}],"wp:term":[{"taxonomy":"product_brand","embeddable":true,"href":"https:\/\/eterle.cz\/eshop\/wp-json\/wp\/v2\/product_brand?post=22815"},{"taxonomy":"product_cat","embeddable":true,"href":"https:\/\/eterle.cz\/eshop\/wp-json\/wp\/v2\/product_cat?post=22815"},{"taxonomy":"product_tag","embeddable":true,"href":"https:\/\/eterle.cz\/eshop\/wp-json\/wp\/v2\/product_tag?post=22815"}],"curies":[{"name":"wp","href":"https:\/\/api.w.org\/{rel}","templated":true}]}}