{"id":22822,"date":"2024-12-13T17:28:45","date_gmt":"2024-12-13T16:28:45","guid":{"rendered":"https:\/\/eterle.cz\/eshop\/produkt\/skolni-plakat-smrk\/"},"modified":"2025-02-16T02:42:58","modified_gmt":"2025-02-16T01:42:58","slug":"skolni-plakat-smrk","status":"publish","type":"product","link":"https:\/\/eterle.cz\/eshop\/produkt\/skolni-plakat-smrk\/","title":{"rendered":"\u0160koln\u00ed plak\u00e1t smrk"},"content":{"rendered":"<p>\u0160koln\u00ed plak\u00e1t ze s\u00e9rie jehli\u010dnat\u00e9 stromy &#8211; smrk, v\u00fdvarn\u00edk Zlata Hildov\u00e1 z roku 1985. Tkaloun na zav\u011b\u0161en\u00ed.<\/p>\n<p>Stav: dobr\u00fd, na prav\u00e9 doln\u00ed stran\u011b trochu poma\u010dkan\u00fd<br \/>\nRozm\u011br<br \/>\n\u0160\u00ed\u0159ka: 84 cm<br \/>\nV\u00fd\u0161ka: 60 cm<\/p>\n","protected":false},"excerpt":{"rendered":"<p>\u0160koln\u00ed plak\u00e1t ze s\u00e9rie jehli\u010dnat\u00e9 stromy &#8211; smrk, v\u00fdvarn\u00edk Zlata Hildov\u00e1 z roku 1985. Tkaloun na zav\u011b\u0161en\u00ed. Stav: dobr\u00fd, na<\/p>\n","protected":false},"featured_media":22823,"template":"","meta":[],"product_brand":[153],"product_cat":[91],"product_tag":[],"class_list":{"0":"post-22822","1":"product","2":"type-product","3":"status-publish","4":"has-post-thumbnail","6":"product_brand-eterle-cz","7":"product_cat-prodane","8":"product_shipping_class-nadrozmerne","10":"first","11":"outofstock","12":"purchasable","13":"product-type-simple"},"_links":{"self":[{"href":"https:\/\/eterle.cz\/eshop\/wp-json\/wp\/v2\/product\/22822","targetHints":{"allow":["GET"]}}],"collection":[{"href":"https:\/\/eterle.cz\/eshop\/wp-json\/wp\/v2\/product"}],"about":[{"href":"https:\/\/eterle.cz\/eshop\/wp-json\/wp\/v2\/types\/product"}],"version-history":[{"count":0,"href":"https:\/\/eterle.cz\/eshop\/wp-json\/wp\/v2\/product\/22822\/revisions"}],"wp:featuredmedia":[{"embeddable":true,"href":"https:\/\/eterle.cz\/eshop\/wp-json\/wp\/v2\/media\/22823"}],"wp:attachment":[{"href":"https:\/\/eterle.cz\/eshop\/wp-json\/wp\/v2\/media?parent=22822"}],"wp:term":[{"taxonomy":"product_brand","embeddable":true,"href":"https:\/\/eterle.cz\/eshop\/wp-json\/wp\/v2\/product_brand?post=22822"},{"taxonomy":"product_cat","embeddable":true,"href":"https:\/\/eterle.cz\/eshop\/wp-json\/wp\/v2\/product_cat?post=22822"},{"taxonomy":"product_tag","embeddable":true,"href":"https:\/\/eterle.cz\/eshop\/wp-json\/wp\/v2\/product_tag?post=22822"}],"curies":[{"name":"wp","href":"https:\/\/api.w.org\/{rel}","templated":true}]}}