{"id":22835,"date":"2024-12-13T17:29:14","date_gmt":"2024-12-13T16:29:14","guid":{"rendered":"https:\/\/eterle.cz\/eshop\/produkt\/skolni-plakat-kapr-obecny\/"},"modified":"2025-02-16T02:42:57","modified_gmt":"2025-02-16T01:42:57","slug":"skolni-plakat-kapr-obecny","status":"publish","type":"product","link":"https:\/\/eterle.cz\/eshop\/produkt\/skolni-plakat-kapr-obecny\/","title":{"rendered":"\u0160koln\u00ed plak\u00e1t kapr obecn\u00fd"},"content":{"rendered":"<p>\u0160koln\u00ed plak\u00e1t t\u0159\u00ed druh\u016f kapr\u016f z roku 1980 pot\u011b\u0161\u00ed nejen r\u00fdb\u00e1\u0159e. Plak\u00e1t m\u00e1 h\u00e1\u010dek na zav\u011b\u0161en\u00ed.<\/p>\n<p>Stav: odpov\u00eddaj\u00edc\u00ed st\u00e1\u0159\u00ed, lehce poma\u010dkan\u00fd a kraje jsou podlepeny<br \/>\nRozm\u011br<br \/>\n\u0160\u00ed\u0159ka: 70 cm<br \/>\nV\u00fd\u0161ka: 98 cm<\/p>\n","protected":false},"excerpt":{"rendered":"<p>\u0160koln\u00ed plak\u00e1t t\u0159\u00ed druh\u016f kapr\u016f z roku 1980 pot\u011b\u0161\u00ed nejen r\u00fdb\u00e1\u0159e. Plak\u00e1t m\u00e1 h\u00e1\u010dek na zav\u011b\u0161en\u00ed. Stav: odpov\u00eddaj\u00edc\u00ed st\u00e1\u0159\u00ed, lehce<\/p>\n","protected":false},"featured_media":22836,"template":"","meta":[],"product_brand":[153],"product_cat":[91],"product_tag":[],"class_list":{"0":"post-22835","1":"product","2":"type-product","3":"status-publish","4":"has-post-thumbnail","6":"product_brand-eterle-cz","7":"product_cat-prodane","8":"product_shipping_class-nadrozmerne","10":"first","11":"outofstock","12":"purchasable","13":"product-type-simple"},"_links":{"self":[{"href":"https:\/\/eterle.cz\/eshop\/wp-json\/wp\/v2\/product\/22835","targetHints":{"allow":["GET"]}}],"collection":[{"href":"https:\/\/eterle.cz\/eshop\/wp-json\/wp\/v2\/product"}],"about":[{"href":"https:\/\/eterle.cz\/eshop\/wp-json\/wp\/v2\/types\/product"}],"version-history":[{"count":0,"href":"https:\/\/eterle.cz\/eshop\/wp-json\/wp\/v2\/product\/22835\/revisions"}],"wp:featuredmedia":[{"embeddable":true,"href":"https:\/\/eterle.cz\/eshop\/wp-json\/wp\/v2\/media\/22836"}],"wp:attachment":[{"href":"https:\/\/eterle.cz\/eshop\/wp-json\/wp\/v2\/media?parent=22835"}],"wp:term":[{"taxonomy":"product_brand","embeddable":true,"href":"https:\/\/eterle.cz\/eshop\/wp-json\/wp\/v2\/product_brand?post=22835"},{"taxonomy":"product_cat","embeddable":true,"href":"https:\/\/eterle.cz\/eshop\/wp-json\/wp\/v2\/product_cat?post=22835"},{"taxonomy":"product_tag","embeddable":true,"href":"https:\/\/eterle.cz\/eshop\/wp-json\/wp\/v2\/product_tag?post=22835"}],"curies":[{"name":"wp","href":"https:\/\/api.w.org\/{rel}","templated":true}]}}