{"id":22844,"date":"2024-12-13T17:29:33","date_gmt":"2024-12-13T16:29:33","guid":{"rendered":"https:\/\/eterle.cz\/eshop\/produkt\/skolni-plakat-candat-a-lin\/"},"modified":"2025-09-08T09:10:39","modified_gmt":"2025-09-08T07:10:39","slug":"skolni-plakat-candat-a-lin","status":"publish","type":"product","link":"https:\/\/eterle.cz\/eshop\/produkt\/skolni-plakat-candat-a-lin\/","title":{"rendered":"\u0160koln\u00ed plak\u00e1t cand\u00e1t a l\u00edn"},"content":{"rendered":"<p>Staro\u017eitn\u00fd \u0161koln\u00ed plak\u00e1t cand\u00e1ta a l\u00edna ze s\u00e9rie \u010ceskloslovensk\u00e9 zoologick\u00e9 obrazy, autor F.X. Proch\u00e1zka. U\u010debn\u00ed pom\u016fcka pro n\u00e1rodn\u00ed, st\u0159edn\u00ed a zem\u011bdelsk\u00e9 \u0161koly v prvn\u00edm vyd\u00e1n\u00ed z roku 1947.<\/p>\n<p>Stav: na t\u0159ech m\u00edstech lepen\u00fd<br \/>\nRozm\u011br<br \/>\n\u0160\u00ed\u0159ka: 98 cm<br \/>\nV\u00fd\u0161ka: 67 cm<\/p>\n","protected":false},"excerpt":{"rendered":"<p>Staro\u017eitn\u00fd \u0161koln\u00ed plak\u00e1t cand\u00e1ta a l\u00edna ze s\u00e9rie \u010ceskloslovensk\u00e9 zoologick\u00e9 obrazy, autor F.X. Proch\u00e1zka. U\u010debn\u00ed pom\u016fcka pro n\u00e1rodn\u00ed, st\u0159edn\u00ed a<\/p>\n","protected":false},"featured_media":22845,"template":"","meta":[],"product_brand":[153],"product_cat":[91],"product_tag":[],"class_list":{"0":"post-22844","1":"product","2":"type-product","3":"status-publish","4":"has-post-thumbnail","6":"product_brand-eterle-cz","7":"product_cat-prodane","8":"product_shipping_class-nadrozmerne","10":"first","11":"outofstock","12":"purchasable","13":"product-type-simple"},"_links":{"self":[{"href":"https:\/\/eterle.cz\/eshop\/wp-json\/wp\/v2\/product\/22844","targetHints":{"allow":["GET"]}}],"collection":[{"href":"https:\/\/eterle.cz\/eshop\/wp-json\/wp\/v2\/product"}],"about":[{"href":"https:\/\/eterle.cz\/eshop\/wp-json\/wp\/v2\/types\/product"}],"version-history":[{"count":1,"href":"https:\/\/eterle.cz\/eshop\/wp-json\/wp\/v2\/product\/22844\/revisions"}],"predecessor-version":[{"id":26529,"href":"https:\/\/eterle.cz\/eshop\/wp-json\/wp\/v2\/product\/22844\/revisions\/26529"}],"wp:featuredmedia":[{"embeddable":true,"href":"https:\/\/eterle.cz\/eshop\/wp-json\/wp\/v2\/media\/22845"}],"wp:attachment":[{"href":"https:\/\/eterle.cz\/eshop\/wp-json\/wp\/v2\/media?parent=22844"}],"wp:term":[{"taxonomy":"product_brand","embeddable":true,"href":"https:\/\/eterle.cz\/eshop\/wp-json\/wp\/v2\/product_brand?post=22844"},{"taxonomy":"product_cat","embeddable":true,"href":"https:\/\/eterle.cz\/eshop\/wp-json\/wp\/v2\/product_cat?post=22844"},{"taxonomy":"product_tag","embeddable":true,"href":"https:\/\/eterle.cz\/eshop\/wp-json\/wp\/v2\/product_tag?post=22844"}],"curies":[{"name":"wp","href":"https:\/\/api.w.org\/{rel}","templated":true}]}}