{"id":22852,"date":"2024-12-13T17:29:49","date_gmt":"2024-12-13T16:29:49","guid":{"rendered":"https:\/\/eterle.cz\/eshop\/produkt\/skolni-plakat-medvedi\/"},"modified":"2025-06-24T01:56:19","modified_gmt":"2025-06-23T23:56:19","slug":"skolni-plakat-medvedi","status":"publish","type":"product","link":"https:\/\/eterle.cz\/eshop\/produkt\/skolni-plakat-medvedi\/","title":{"rendered":"\u0160koln\u00ed plak\u00e1t medv\u011bdi"},"content":{"rendered":"<p>\u0160koln\u00ed plak\u00e1t medv\u011bdice s ml\u00e1\u010faty vhodn\u00fd jako dekorace i do d\u011btsk\u00e9ho pokoje. Plak\u00e1t m\u00e1 zezadu krou\u017eek na zav\u011b\u0161en\u00ed.<\/p>\n<p>Stav: velmi dobr\u00fd, nepo\u0161kozen\u00fd<br \/>\nRozm\u011br<br \/>\n\u0160\u00ed\u0159ka: 95 cm<br \/>\nV\u00fd\u0161ka: 64 cm<\/p>\n","protected":false},"excerpt":{"rendered":"<p>\u0160koln\u00ed plak\u00e1t medv\u011bdice s ml\u00e1\u010faty vhodn\u00fd jako dekorace i do d\u011btsk\u00e9ho pokoje. Plak\u00e1t m\u00e1 zezadu krou\u017eek na zav\u011b\u0161en\u00ed. Stav: velmi<\/p>\n","protected":false},"featured_media":22853,"template":"","meta":[],"product_brand":[153],"product_cat":[80,137],"product_tag":[],"class_list":{"0":"post-22852","1":"product","2":"type-product","3":"status-publish","4":"has-post-thumbnail","6":"product_brand-eterle-cz","7":"product_cat-dekorace","8":"product_cat-ostatni-dekorace","9":"product_shipping_class-nadrozmerne","11":"first","12":"instock","13":"purchasable","14":"product-type-simple"},"_links":{"self":[{"href":"https:\/\/eterle.cz\/eshop\/wp-json\/wp\/v2\/product\/22852","targetHints":{"allow":["GET"]}}],"collection":[{"href":"https:\/\/eterle.cz\/eshop\/wp-json\/wp\/v2\/product"}],"about":[{"href":"https:\/\/eterle.cz\/eshop\/wp-json\/wp\/v2\/types\/product"}],"version-history":[{"count":1,"href":"https:\/\/eterle.cz\/eshop\/wp-json\/wp\/v2\/product\/22852\/revisions"}],"predecessor-version":[{"id":26528,"href":"https:\/\/eterle.cz\/eshop\/wp-json\/wp\/v2\/product\/22852\/revisions\/26528"}],"wp:featuredmedia":[{"embeddable":true,"href":"https:\/\/eterle.cz\/eshop\/wp-json\/wp\/v2\/media\/22853"}],"wp:attachment":[{"href":"https:\/\/eterle.cz\/eshop\/wp-json\/wp\/v2\/media?parent=22852"}],"wp:term":[{"taxonomy":"product_brand","embeddable":true,"href":"https:\/\/eterle.cz\/eshop\/wp-json\/wp\/v2\/product_brand?post=22852"},{"taxonomy":"product_cat","embeddable":true,"href":"https:\/\/eterle.cz\/eshop\/wp-json\/wp\/v2\/product_cat?post=22852"},{"taxonomy":"product_tag","embeddable":true,"href":"https:\/\/eterle.cz\/eshop\/wp-json\/wp\/v2\/product_tag?post=22852"}],"curies":[{"name":"wp","href":"https:\/\/api.w.org\/{rel}","templated":true}]}}