{"id":22863,"date":"2024-12-13T17:30:15","date_gmt":"2024-12-13T16:30:15","guid":{"rendered":"https:\/\/eterle.cz\/eshop\/produkt\/skolni-plakat-zima-3\/"},"modified":"2025-09-17T22:10:41","modified_gmt":"2025-09-17T20:10:41","slug":"skolni-plakat-zima-3","status":"publish","type":"product","link":"https:\/\/eterle.cz\/eshop\/produkt\/skolni-plakat-zima-3\/","title":{"rendered":"\u0160koln\u00ed plak\u00e1t zima"},"content":{"rendered":"<p>\u0160koln\u00ed plak\u00e1t reprodukce barevn\u00e9 litografie autora Ji\u0159\u00edho M\u00e1dla z roku 1972.  Plak\u00e1t m\u00e1 zezadu krou\u017eek na zav\u011b\u0161en\u00ed.<\/p>\n<p>Stav: velmi dobr\u00fd<br \/>\nRozm\u011br<br \/>\n\u0160\u00ed\u0159ka: 93 cm<br \/>\nV\u00fd\u0161ka: 69 cm<\/p>\n","protected":false},"excerpt":{"rendered":"<p>\u0160koln\u00ed plak\u00e1t reprodukce barevn\u00e9 litografie autora Ji\u0159\u00edho M\u00e1dla z roku 1972. Plak\u00e1t m\u00e1 zezadu krou\u017eek na zav\u011b\u0161en\u00ed. Stav: velmi dobr\u00fd<\/p>\n","protected":false},"featured_media":22864,"template":"","meta":[],"product_brand":[153],"product_cat":[91],"product_tag":[],"class_list":{"0":"post-22863","1":"product","2":"type-product","3":"status-publish","4":"has-post-thumbnail","6":"product_brand-eterle-cz","7":"product_cat-prodane","8":"product_shipping_class-nadrozmerne","10":"first","11":"outofstock","12":"purchasable","13":"product-type-simple"},"_links":{"self":[{"href":"https:\/\/eterle.cz\/eshop\/wp-json\/wp\/v2\/product\/22863","targetHints":{"allow":["GET"]}}],"collection":[{"href":"https:\/\/eterle.cz\/eshop\/wp-json\/wp\/v2\/product"}],"about":[{"href":"https:\/\/eterle.cz\/eshop\/wp-json\/wp\/v2\/types\/product"}],"version-history":[{"count":1,"href":"https:\/\/eterle.cz\/eshop\/wp-json\/wp\/v2\/product\/22863\/revisions"}],"predecessor-version":[{"id":25195,"href":"https:\/\/eterle.cz\/eshop\/wp-json\/wp\/v2\/product\/22863\/revisions\/25195"}],"wp:featuredmedia":[{"embeddable":true,"href":"https:\/\/eterle.cz\/eshop\/wp-json\/wp\/v2\/media\/22864"}],"wp:attachment":[{"href":"https:\/\/eterle.cz\/eshop\/wp-json\/wp\/v2\/media?parent=22863"}],"wp:term":[{"taxonomy":"product_brand","embeddable":true,"href":"https:\/\/eterle.cz\/eshop\/wp-json\/wp\/v2\/product_brand?post=22863"},{"taxonomy":"product_cat","embeddable":true,"href":"https:\/\/eterle.cz\/eshop\/wp-json\/wp\/v2\/product_cat?post=22863"},{"taxonomy":"product_tag","embeddable":true,"href":"https:\/\/eterle.cz\/eshop\/wp-json\/wp\/v2\/product_tag?post=22863"}],"curies":[{"name":"wp","href":"https:\/\/api.w.org\/{rel}","templated":true}]}}