{"id":22868,"date":"2024-12-13T17:30:25","date_gmt":"2024-12-13T16:30:25","guid":{"rendered":"https:\/\/eterle.cz\/eshop\/produkt\/koberec-behoun\/"},"modified":"2025-02-16T02:42:55","modified_gmt":"2025-02-16T01:42:55","slug":"koberec-behoun","status":"publish","type":"product","link":"https:\/\/eterle.cz\/eshop\/produkt\/koberec-behoun\/","title":{"rendered":"Koberec b\u011bhoun"},"content":{"rendered":"<p>Vln\u011bn\u00fd ru\u010dn\u011b tkan\u00fd b\u011bhoun s v\u00fdrazn\u00fdm pestr\u00fdm vzorem.<\/p>\n<p>Stav: jeden velmi dobr\u00fd, u druh\u00e9ho chyb\u00ed na jend\u00e9 stran\u011b t\u0159\u00e1sn\u011b<br \/>\nRozm\u011br<br \/>\n\u0160\u00ed\u0159ka: 71<br \/>\nD\u00e9lka bez t\u0159\u00e1sn\u00ed: 1,48 cm<\/p>\n","protected":false},"excerpt":{"rendered":"<p>Vln\u011bn\u00fd ru\u010dn\u011b tkan\u00fd b\u011bhoun s v\u00fdrazn\u00fdm pestr\u00fdm vzorem. Stav: jeden velmi dobr\u00fd, u druh\u00e9ho chyb\u00ed na jend\u00e9 stran\u011b t\u0159\u00e1sn\u011b Rozm\u011br<\/p>\n","protected":false},"featured_media":22869,"template":"","meta":[],"product_brand":[153],"product_cat":[91],"product_tag":[],"class_list":{"0":"post-22868","1":"product","2":"type-product","3":"status-publish","4":"has-post-thumbnail","6":"product_brand-eterle-cz","7":"product_cat-prodane","8":"product_shipping_class-nadrozmerne","10":"first","11":"outofstock","12":"purchasable","13":"product-type-simple"},"_links":{"self":[{"href":"https:\/\/eterle.cz\/eshop\/wp-json\/wp\/v2\/product\/22868","targetHints":{"allow":["GET"]}}],"collection":[{"href":"https:\/\/eterle.cz\/eshop\/wp-json\/wp\/v2\/product"}],"about":[{"href":"https:\/\/eterle.cz\/eshop\/wp-json\/wp\/v2\/types\/product"}],"version-history":[{"count":0,"href":"https:\/\/eterle.cz\/eshop\/wp-json\/wp\/v2\/product\/22868\/revisions"}],"wp:featuredmedia":[{"embeddable":true,"href":"https:\/\/eterle.cz\/eshop\/wp-json\/wp\/v2\/media\/22869"}],"wp:attachment":[{"href":"https:\/\/eterle.cz\/eshop\/wp-json\/wp\/v2\/media?parent=22868"}],"wp:term":[{"taxonomy":"product_brand","embeddable":true,"href":"https:\/\/eterle.cz\/eshop\/wp-json\/wp\/v2\/product_brand?post=22868"},{"taxonomy":"product_cat","embeddable":true,"href":"https:\/\/eterle.cz\/eshop\/wp-json\/wp\/v2\/product_cat?post=22868"},{"taxonomy":"product_tag","embeddable":true,"href":"https:\/\/eterle.cz\/eshop\/wp-json\/wp\/v2\/product_tag?post=22868"}],"curies":[{"name":"wp","href":"https:\/\/api.w.org\/{rel}","templated":true}]}}