{"id":22878,"date":"2024-12-13T17:30:45","date_gmt":"2024-12-13T16:30:45","guid":{"rendered":"https:\/\/eterle.cz\/eshop\/produkt\/koberec-pastyr\/"},"modified":"2025-02-16T02:42:55","modified_gmt":"2025-02-16T01:42:55","slug":"koberec-pastyr","status":"publish","type":"product","link":"https:\/\/eterle.cz\/eshop\/produkt\/koberec-pastyr\/","title":{"rendered":"Koberec past\u00fd\u0159"},"content":{"rendered":"<p>Mal\u00fd koberec ve skandin\u00e1vsk\u00e9m stylu s motivem past\u00fd\u0159e.<\/p>\n<p>Stav: velmi dobr\u00fd<br \/>\nRozm\u011br<br \/>\n\u0160\u00ed\u0159ka: 45 cm<br \/>\nD\u00e9lka: 100 cm bez t\u0159\u00e1sn\u00ed<\/p>\n","protected":false},"excerpt":{"rendered":"<p>Mal\u00fd koberec ve skandin\u00e1vsk\u00e9m stylu s motivem past\u00fd\u0159e. Stav: velmi dobr\u00fd Rozm\u011br \u0160\u00ed\u0159ka: 45 cm D\u00e9lka: 100 cm bez t\u0159\u00e1sn\u00ed<\/p>\n","protected":false},"featured_media":22879,"template":"","meta":[],"product_brand":[153],"product_cat":[91],"product_tag":[],"class_list":{"0":"post-22878","1":"product","2":"type-product","3":"status-publish","4":"has-post-thumbnail","6":"product_brand-eterle-cz","7":"product_cat-prodane","9":"first","10":"outofstock","11":"purchasable","12":"product-type-simple"},"_links":{"self":[{"href":"https:\/\/eterle.cz\/eshop\/wp-json\/wp\/v2\/product\/22878","targetHints":{"allow":["GET"]}}],"collection":[{"href":"https:\/\/eterle.cz\/eshop\/wp-json\/wp\/v2\/product"}],"about":[{"href":"https:\/\/eterle.cz\/eshop\/wp-json\/wp\/v2\/types\/product"}],"version-history":[{"count":0,"href":"https:\/\/eterle.cz\/eshop\/wp-json\/wp\/v2\/product\/22878\/revisions"}],"wp:featuredmedia":[{"embeddable":true,"href":"https:\/\/eterle.cz\/eshop\/wp-json\/wp\/v2\/media\/22879"}],"wp:attachment":[{"href":"https:\/\/eterle.cz\/eshop\/wp-json\/wp\/v2\/media?parent=22878"}],"wp:term":[{"taxonomy":"product_brand","embeddable":true,"href":"https:\/\/eterle.cz\/eshop\/wp-json\/wp\/v2\/product_brand?post=22878"},{"taxonomy":"product_cat","embeddable":true,"href":"https:\/\/eterle.cz\/eshop\/wp-json\/wp\/v2\/product_cat?post=22878"},{"taxonomy":"product_tag","embeddable":true,"href":"https:\/\/eterle.cz\/eshop\/wp-json\/wp\/v2\/product_tag?post=22878"}],"curies":[{"name":"wp","href":"https:\/\/api.w.org\/{rel}","templated":true}]}}