{"id":22884,"date":"2024-12-13T17:31:02","date_gmt":"2024-12-13T16:31:02","guid":{"rendered":"https:\/\/eterle.cz\/eshop\/produkt\/koberec-lama\/"},"modified":"2025-02-16T02:42:54","modified_gmt":"2025-02-16T01:42:54","slug":"koberec-lama","status":"publish","type":"product","link":"https:\/\/eterle.cz\/eshop\/produkt\/koberec-lama\/","title":{"rendered":"Koberec lama"},"content":{"rendered":"<p>Mal\u00fd koberec s motivem lamy.<\/p>\n<p>Stav: velmi dobr\u00fd<br \/>\nRozm\u011br<br \/>\n\u0160\u00ed\u0159ka: 54 cm<br \/>\nD\u00e9lka: 70 cm<\/p>\n","protected":false},"excerpt":{"rendered":"<p>Mal\u00fd koberec s motivem lamy. Stav: velmi dobr\u00fd Rozm\u011br \u0160\u00ed\u0159ka: 54 cm D\u00e9lka: 70 cm<\/p>\n","protected":false},"featured_media":22885,"template":"","meta":[],"product_brand":[153],"product_cat":[91],"product_tag":[],"class_list":{"0":"post-22884","1":"product","2":"type-product","3":"status-publish","4":"has-post-thumbnail","6":"product_brand-eterle-cz","7":"product_cat-prodane","9":"first","10":"outofstock","11":"purchasable","12":"product-type-simple"},"_links":{"self":[{"href":"https:\/\/eterle.cz\/eshop\/wp-json\/wp\/v2\/product\/22884","targetHints":{"allow":["GET"]}}],"collection":[{"href":"https:\/\/eterle.cz\/eshop\/wp-json\/wp\/v2\/product"}],"about":[{"href":"https:\/\/eterle.cz\/eshop\/wp-json\/wp\/v2\/types\/product"}],"version-history":[{"count":0,"href":"https:\/\/eterle.cz\/eshop\/wp-json\/wp\/v2\/product\/22884\/revisions"}],"wp:featuredmedia":[{"embeddable":true,"href":"https:\/\/eterle.cz\/eshop\/wp-json\/wp\/v2\/media\/22885"}],"wp:attachment":[{"href":"https:\/\/eterle.cz\/eshop\/wp-json\/wp\/v2\/media?parent=22884"}],"wp:term":[{"taxonomy":"product_brand","embeddable":true,"href":"https:\/\/eterle.cz\/eshop\/wp-json\/wp\/v2\/product_brand?post=22884"},{"taxonomy":"product_cat","embeddable":true,"href":"https:\/\/eterle.cz\/eshop\/wp-json\/wp\/v2\/product_cat?post=22884"},{"taxonomy":"product_tag","embeddable":true,"href":"https:\/\/eterle.cz\/eshop\/wp-json\/wp\/v2\/product_tag?post=22884"}],"curies":[{"name":"wp","href":"https:\/\/api.w.org\/{rel}","templated":true}]}}