{"id":22889,"date":"2024-12-13T17:31:12","date_gmt":"2024-12-13T16:31:12","guid":{"rendered":"https:\/\/eterle.cz\/eshop\/produkt\/koberec-styl-kelim\/"},"modified":"2025-02-16T02:42:54","modified_gmt":"2025-02-16T01:42:54","slug":"koberec-styl-kelim","status":"publish","type":"product","link":"https:\/\/eterle.cz\/eshop\/produkt\/koberec-styl-kelim\/","title":{"rendered":"Koberec styl Kelim"},"content":{"rendered":"<p>\u0160v\u00e9dsk\u00fd koberec ve stylu Kelim z p\u0159\u00edrodn\u00edho materi\u00e1lu.<\/p>\n<p>Stav: velmi dobr\u00fd<br \/>\nRozm\u011br<br \/>\n\u0160\u00ed\u0159ka: 170 cm<br \/>\nD\u00e9lka: 240 cm<\/p>\n","protected":false},"excerpt":{"rendered":"<p>\u0160v\u00e9dsk\u00fd koberec ve stylu Kelim z p\u0159\u00edrodn\u00edho materi\u00e1lu. Stav: velmi dobr\u00fd Rozm\u011br \u0160\u00ed\u0159ka: 170 cm D\u00e9lka: 240 cm<\/p>\n","protected":false},"featured_media":22890,"template":"","meta":[],"product_brand":[153],"product_cat":[91],"product_tag":[],"class_list":{"0":"post-22889","1":"product","2":"type-product","3":"status-publish","4":"has-post-thumbnail","6":"product_brand-eterle-cz","7":"product_cat-prodane","8":"product_shipping_class-nadrozmerne","10":"first","11":"outofstock","12":"purchasable","13":"product-type-simple"},"_links":{"self":[{"href":"https:\/\/eterle.cz\/eshop\/wp-json\/wp\/v2\/product\/22889","targetHints":{"allow":["GET"]}}],"collection":[{"href":"https:\/\/eterle.cz\/eshop\/wp-json\/wp\/v2\/product"}],"about":[{"href":"https:\/\/eterle.cz\/eshop\/wp-json\/wp\/v2\/types\/product"}],"version-history":[{"count":0,"href":"https:\/\/eterle.cz\/eshop\/wp-json\/wp\/v2\/product\/22889\/revisions"}],"wp:featuredmedia":[{"embeddable":true,"href":"https:\/\/eterle.cz\/eshop\/wp-json\/wp\/v2\/media\/22890"}],"wp:attachment":[{"href":"https:\/\/eterle.cz\/eshop\/wp-json\/wp\/v2\/media?parent=22889"}],"wp:term":[{"taxonomy":"product_brand","embeddable":true,"href":"https:\/\/eterle.cz\/eshop\/wp-json\/wp\/v2\/product_brand?post=22889"},{"taxonomy":"product_cat","embeddable":true,"href":"https:\/\/eterle.cz\/eshop\/wp-json\/wp\/v2\/product_cat?post=22889"},{"taxonomy":"product_tag","embeddable":true,"href":"https:\/\/eterle.cz\/eshop\/wp-json\/wp\/v2\/product_tag?post=22889"}],"curies":[{"name":"wp","href":"https:\/\/api.w.org\/{rel}","templated":true}]}}