{"id":22896,"date":"2024-12-13T17:31:26","date_gmt":"2024-12-13T16:31:26","guid":{"rendered":"https:\/\/eterle.cz\/eshop\/produkt\/povlak-s-trasnemi-eterle\/"},"modified":"2026-01-21T12:05:27","modified_gmt":"2026-01-21T11:05:27","slug":"povlak-s-trasnemi-eterle","status":"publish","type":"product","link":"https:\/\/eterle.cz\/eshop\/produkt\/povlak-s-trasnemi-eterle\/","title":{"rendered":"Povlak s t\u0159\u00e1sn\u011bmi \/ Eterle"},"content":{"rendered":"<p>Povlak na pol\u0161t\u00e1\u0159 z italsk\u00e9 l\u00e1tky v modn\u00ed hn\u011bd\u00e9 barv\u011b, vyhl\u00e1\u0161en\u00e9 barvou roku 2025. Ve stejn\u00e9m proveden\u00ed m\u00e1me k dispozici i men\u0161\u00ed rozm\u011br.<\/p>\n<p>Stav: nov\u00fd<br \/>\nZna\u010dka: Eterle<br \/>\nRozm\u011br: 50 x 50<\/p>\n","protected":false},"excerpt":{"rendered":"<p>Povlak na pol\u0161t\u00e1\u0159 z italsk\u00e9 l\u00e1tky v modn\u00ed hn\u011bd\u00e9 barv\u011b, vyhl\u00e1\u0161en\u00e9 barvou roku 2025. Ve stejn\u00e9m proveden\u00ed m\u00e1me k dispozici<\/p>\n","protected":false},"featured_media":22897,"template":"","meta":[],"product_brand":[153],"product_cat":[80,151],"product_tag":[],"class_list":{"0":"post-22896","1":"product","2":"type-product","3":"status-publish","4":"has-post-thumbnail","6":"product_brand-eterle-cz","7":"product_cat-dekorace","8":"product_cat-textil","10":"first","11":"instock","12":"purchasable","13":"product-type-simple"},"_links":{"self":[{"href":"https:\/\/eterle.cz\/eshop\/wp-json\/wp\/v2\/product\/22896","targetHints":{"allow":["GET"]}}],"collection":[{"href":"https:\/\/eterle.cz\/eshop\/wp-json\/wp\/v2\/product"}],"about":[{"href":"https:\/\/eterle.cz\/eshop\/wp-json\/wp\/v2\/types\/product"}],"version-history":[{"count":1,"href":"https:\/\/eterle.cz\/eshop\/wp-json\/wp\/v2\/product\/22896\/revisions"}],"predecessor-version":[{"id":25194,"href":"https:\/\/eterle.cz\/eshop\/wp-json\/wp\/v2\/product\/22896\/revisions\/25194"}],"wp:featuredmedia":[{"embeddable":true,"href":"https:\/\/eterle.cz\/eshop\/wp-json\/wp\/v2\/media\/22897"}],"wp:attachment":[{"href":"https:\/\/eterle.cz\/eshop\/wp-json\/wp\/v2\/media?parent=22896"}],"wp:term":[{"taxonomy":"product_brand","embeddable":true,"href":"https:\/\/eterle.cz\/eshop\/wp-json\/wp\/v2\/product_brand?post=22896"},{"taxonomy":"product_cat","embeddable":true,"href":"https:\/\/eterle.cz\/eshop\/wp-json\/wp\/v2\/product_cat?post=22896"},{"taxonomy":"product_tag","embeddable":true,"href":"https:\/\/eterle.cz\/eshop\/wp-json\/wp\/v2\/product_tag?post=22896"}],"curies":[{"name":"wp","href":"https:\/\/api.w.org\/{rel}","templated":true}]}}