{"id":22906,"date":"2024-12-13T17:31:49","date_gmt":"2024-12-13T16:31:49","guid":{"rendered":"https:\/\/eterle.cz\/eshop\/produkt\/povlak-hnedy-vlna-kasmir-eterle\/"},"modified":"2025-02-16T02:42:53","modified_gmt":"2025-02-16T01:42:53","slug":"povlak-hnedy-vlna-kasmir-eterle","status":"publish","type":"product","link":"https:\/\/eterle.cz\/eshop\/produkt\/povlak-hnedy-vlna-kasmir-eterle\/","title":{"rendered":"Povlak hn\u011bd\u00fd vlna-ka\u0161m\u00edr \/ Eterle"},"content":{"rendered":"<p>Povlak na pol\u0161t\u00e1\u0159 ze sm\u011bsi vlny a ka\u0161m\u00edru v hn\u011bd\u00e9 barv\u011b vyhl\u00e1\u0161en\u00e9 barvou roku 2025. Odst\u00edn zvan\u00fd Mocha Mousse p\u0159ipom\u00edn\u00e1 p\u011bnu z kakaa \u010di k\u00e1vy.Povlak m\u00e1 zaj\u00edmav\u00e9 pro\u0161it\u00ed do \u010dtverc\u016f. Ze stejn\u00e9 l\u00e1tky m\u00e1me k dispoczici tak\u00e9 povlak s odli\u0161n\u00fdm pro\u0161it\u00edm.<\/p>\n<p>Stav: nov\u00fd<br \/>\nZna\u010dka: Eterle<br \/>\nRozm\u011br: 50 x 50<\/p>\n","protected":false},"excerpt":{"rendered":"<p>Povlak na pol\u0161t\u00e1\u0159 ze sm\u011bsi vlny a ka\u0161m\u00edru v hn\u011bd\u00e9 barv\u011b vyhl\u00e1\u0161en\u00e9 barvou roku 2025. Odst\u00edn zvan\u00fd Mocha Mousse p\u0159ipom\u00edn\u00e1<\/p>\n","protected":false},"featured_media":22907,"template":"","meta":[],"product_brand":[153],"product_cat":[91],"product_tag":[],"class_list":{"0":"post-22906","1":"product","2":"type-product","3":"status-publish","4":"has-post-thumbnail","6":"product_brand-eterle-cz","7":"product_cat-prodane","9":"first","10":"outofstock","11":"purchasable","12":"product-type-simple"},"_links":{"self":[{"href":"https:\/\/eterle.cz\/eshop\/wp-json\/wp\/v2\/product\/22906","targetHints":{"allow":["GET"]}}],"collection":[{"href":"https:\/\/eterle.cz\/eshop\/wp-json\/wp\/v2\/product"}],"about":[{"href":"https:\/\/eterle.cz\/eshop\/wp-json\/wp\/v2\/types\/product"}],"version-history":[{"count":0,"href":"https:\/\/eterle.cz\/eshop\/wp-json\/wp\/v2\/product\/22906\/revisions"}],"wp:featuredmedia":[{"embeddable":true,"href":"https:\/\/eterle.cz\/eshop\/wp-json\/wp\/v2\/media\/22907"}],"wp:attachment":[{"href":"https:\/\/eterle.cz\/eshop\/wp-json\/wp\/v2\/media?parent=22906"}],"wp:term":[{"taxonomy":"product_brand","embeddable":true,"href":"https:\/\/eterle.cz\/eshop\/wp-json\/wp\/v2\/product_brand?post=22906"},{"taxonomy":"product_cat","embeddable":true,"href":"https:\/\/eterle.cz\/eshop\/wp-json\/wp\/v2\/product_cat?post=22906"},{"taxonomy":"product_tag","embeddable":true,"href":"https:\/\/eterle.cz\/eshop\/wp-json\/wp\/v2\/product_tag?post=22906"}],"curies":[{"name":"wp","href":"https:\/\/api.w.org\/{rel}","templated":true}]}}