{"id":22916,"date":"2024-12-13T17:32:17","date_gmt":"2024-12-13T16:32:17","guid":{"rendered":"https:\/\/eterle.cz\/eshop\/produkt\/povlak-modry-vlna-kasmir\/"},"modified":"2026-01-21T12:04:11","modified_gmt":"2026-01-21T11:04:11","slug":"povlak-modry-vlna-kasmir","status":"publish","type":"product","link":"https:\/\/eterle.cz\/eshop\/produkt\/povlak-modry-vlna-kasmir\/","title":{"rendered":"Povlak modr\u00fd vlna-ka\u0161m\u00edr"},"content":{"rendered":"<p>Povlak na pol\u0161t\u00e1\u0159 ze sm\u011bsi vlny a ka\u0161m\u00edru v modr\u00e9 barv\u011b. Povlak m\u00e1 zaj\u00edmav\u00e9 pro\u0161it\u00ed do \u010dtver\u016f. Ze stejn\u00e9 l\u00e1tky m\u00e1me k dispoczici tak\u00e9 povlak s odli\u0161n\u00fdm pro\u0161it\u00edm.<\/p>\n<p>Stav: nov\u00fd<br \/>\nZna\u010dka: Eterle<br \/>\nRozm\u011br: 50 x 50<\/p>\n","protected":false},"excerpt":{"rendered":"<p>Povlak na pol\u0161t\u00e1\u0159 ze sm\u011bsi vlny a ka\u0161m\u00edru v modr\u00e9 barv\u011b. Povlak m\u00e1 zaj\u00edmav\u00e9 pro\u0161it\u00ed do \u010dtver\u016f. Ze stejn\u00e9 l\u00e1tky<\/p>\n","protected":false},"featured_media":22917,"template":"","meta":[],"product_brand":[153],"product_cat":[80,151],"product_tag":[],"class_list":{"0":"post-22916","1":"product","2":"type-product","3":"status-publish","4":"has-post-thumbnail","6":"product_brand-eterle-cz","7":"product_cat-dekorace","8":"product_cat-textil","10":"first","11":"instock","12":"purchasable","13":"product-type-simple"},"_links":{"self":[{"href":"https:\/\/eterle.cz\/eshop\/wp-json\/wp\/v2\/product\/22916","targetHints":{"allow":["GET"]}}],"collection":[{"href":"https:\/\/eterle.cz\/eshop\/wp-json\/wp\/v2\/product"}],"about":[{"href":"https:\/\/eterle.cz\/eshop\/wp-json\/wp\/v2\/types\/product"}],"version-history":[{"count":1,"href":"https:\/\/eterle.cz\/eshop\/wp-json\/wp\/v2\/product\/22916\/revisions"}],"predecessor-version":[{"id":25215,"href":"https:\/\/eterle.cz\/eshop\/wp-json\/wp\/v2\/product\/22916\/revisions\/25215"}],"wp:featuredmedia":[{"embeddable":true,"href":"https:\/\/eterle.cz\/eshop\/wp-json\/wp\/v2\/media\/22917"}],"wp:attachment":[{"href":"https:\/\/eterle.cz\/eshop\/wp-json\/wp\/v2\/media?parent=22916"}],"wp:term":[{"taxonomy":"product_brand","embeddable":true,"href":"https:\/\/eterle.cz\/eshop\/wp-json\/wp\/v2\/product_brand?post=22916"},{"taxonomy":"product_cat","embeddable":true,"href":"https:\/\/eterle.cz\/eshop\/wp-json\/wp\/v2\/product_cat?post=22916"},{"taxonomy":"product_tag","embeddable":true,"href":"https:\/\/eterle.cz\/eshop\/wp-json\/wp\/v2\/product_tag?post=22916"}],"curies":[{"name":"wp","href":"https:\/\/api.w.org\/{rel}","templated":true}]}}