{"id":22921,"date":"2024-12-13T17:32:28","date_gmt":"2024-12-13T16:32:28","guid":{"rendered":"https:\/\/eterle.cz\/eshop\/produkt\/polstar-modry-vlna-kasmir\/"},"modified":"2026-01-21T12:04:34","modified_gmt":"2026-01-21T11:04:34","slug":"polstar-modry-vlna-kasmir","status":"publish","type":"product","link":"https:\/\/eterle.cz\/eshop\/produkt\/polstar-modry-vlna-kasmir\/","title":{"rendered":"Pol\u0161t\u00e1\u0159 modr\u00fd vlna-ka\u0161m\u00edr"},"content":{"rendered":"<p>Pol\u0161t\u00e1\u0159 ze sm\u011bsi vlny a ka\u0161m\u00edru v modr\u00e9 barv\u011b. Povlak m\u00e1 zaj\u00edmav\u00e9 pro\u0161it\u00ed do \u010dtver\u016f. V\u00fdpl\u0148 (dut\u00e9 vl\u00e1kno) je sou\u010d\u00e1st\u00ed pol\u0161t\u00e1\u0159e. Ze stejn\u00e9 l\u00e1tky m\u00e1me k dispoczici tak\u00e9 povlak s odli\u0161n\u00fdm pro\u0161it\u00edm.<\/p>\n<p>Stav: nov\u00fd<br \/>\nZna\u010dka: Eterle<br \/>\nRozm\u011br: 48 x 42<\/p>\n","protected":false},"excerpt":{"rendered":"<p>Pol\u0161t\u00e1\u0159 ze sm\u011bsi vlny a ka\u0161m\u00edru v modr\u00e9 barv\u011b. Povlak m\u00e1 zaj\u00edmav\u00e9 pro\u0161it\u00ed do \u010dtver\u016f. V\u00fdpl\u0148 (dut\u00e9 vl\u00e1kno) je sou\u010d\u00e1st\u00ed<\/p>\n","protected":false},"featured_media":22922,"template":"","meta":[],"product_brand":[153],"product_cat":[80,151],"product_tag":[],"class_list":{"0":"post-22921","1":"product","2":"type-product","3":"status-publish","4":"has-post-thumbnail","6":"product_brand-eterle-cz","7":"product_cat-dekorace","8":"product_cat-textil","10":"first","11":"instock","12":"purchasable","13":"product-type-simple"},"_links":{"self":[{"href":"https:\/\/eterle.cz\/eshop\/wp-json\/wp\/v2\/product\/22921","targetHints":{"allow":["GET"]}}],"collection":[{"href":"https:\/\/eterle.cz\/eshop\/wp-json\/wp\/v2\/product"}],"about":[{"href":"https:\/\/eterle.cz\/eshop\/wp-json\/wp\/v2\/types\/product"}],"version-history":[{"count":1,"href":"https:\/\/eterle.cz\/eshop\/wp-json\/wp\/v2\/product\/22921\/revisions"}],"predecessor-version":[{"id":25214,"href":"https:\/\/eterle.cz\/eshop\/wp-json\/wp\/v2\/product\/22921\/revisions\/25214"}],"wp:featuredmedia":[{"embeddable":true,"href":"https:\/\/eterle.cz\/eshop\/wp-json\/wp\/v2\/media\/22922"}],"wp:attachment":[{"href":"https:\/\/eterle.cz\/eshop\/wp-json\/wp\/v2\/media?parent=22921"}],"wp:term":[{"taxonomy":"product_brand","embeddable":true,"href":"https:\/\/eterle.cz\/eshop\/wp-json\/wp\/v2\/product_brand?post=22921"},{"taxonomy":"product_cat","embeddable":true,"href":"https:\/\/eterle.cz\/eshop\/wp-json\/wp\/v2\/product_cat?post=22921"},{"taxonomy":"product_tag","embeddable":true,"href":"https:\/\/eterle.cz\/eshop\/wp-json\/wp\/v2\/product_tag?post=22921"}],"curies":[{"name":"wp","href":"https:\/\/api.w.org\/{rel}","templated":true}]}}