{"id":22930,"date":"2024-12-13T17:32:48","date_gmt":"2024-12-13T16:32:48","guid":{"rendered":"https:\/\/eterle.cz\/eshop\/produkt\/povlak-bezovy-vlna-kasmi\/"},"modified":"2026-01-21T12:03:08","modified_gmt":"2026-01-21T11:03:08","slug":"povlak-bezovy-vlna-kasmi","status":"publish","type":"product","link":"https:\/\/eterle.cz\/eshop\/produkt\/povlak-bezovy-vlna-kasmi\/","title":{"rendered":"Povlak b\u00e9\u017eov\u00fd vlna-ka\u0161m\u00ed"},"content":{"rendered":"<p>Povlak na pol\u0161t\u00e1\u0159 ze sm\u011bsi vlny a ka\u0161m\u00edru v b\u00e9\u017eov\u00e9 barv\u011b se zaj\u00edmav\u00fdm pro\u0161it\u00edm. Ze stejn\u00e9 l\u00e1tky m\u00e1me k dispoczici tak\u00e9 hladk\u00fd pol\u0161t\u00e1\u0159.<\/p>\n<p>Stav: nov\u00fd<br \/>\nZna\u010dka: Eterle<br \/>\nRozm\u011br: 50 x 50<\/p>\n","protected":false},"excerpt":{"rendered":"<p>Povlak na pol\u0161t\u00e1\u0159 ze sm\u011bsi vlny a ka\u0161m\u00edru v b\u00e9\u017eov\u00e9 barv\u011b se zaj\u00edmav\u00fdm pro\u0161it\u00edm. Ze stejn\u00e9 l\u00e1tky m\u00e1me k dispoczici<\/p>\n","protected":false},"featured_media":22931,"template":"","meta":[],"product_brand":[153],"product_cat":[80,151],"product_tag":[],"class_list":{"0":"post-22930","1":"product","2":"type-product","3":"status-publish","4":"has-post-thumbnail","6":"product_brand-eterle-cz","7":"product_cat-dekorace","8":"product_cat-textil","10":"first","11":"instock","12":"purchasable","13":"product-type-simple"},"_links":{"self":[{"href":"https:\/\/eterle.cz\/eshop\/wp-json\/wp\/v2\/product\/22930","targetHints":{"allow":["GET"]}}],"collection":[{"href":"https:\/\/eterle.cz\/eshop\/wp-json\/wp\/v2\/product"}],"about":[{"href":"https:\/\/eterle.cz\/eshop\/wp-json\/wp\/v2\/types\/product"}],"version-history":[{"count":1,"href":"https:\/\/eterle.cz\/eshop\/wp-json\/wp\/v2\/product\/22930\/revisions"}],"predecessor-version":[{"id":25212,"href":"https:\/\/eterle.cz\/eshop\/wp-json\/wp\/v2\/product\/22930\/revisions\/25212"}],"wp:featuredmedia":[{"embeddable":true,"href":"https:\/\/eterle.cz\/eshop\/wp-json\/wp\/v2\/media\/22931"}],"wp:attachment":[{"href":"https:\/\/eterle.cz\/eshop\/wp-json\/wp\/v2\/media?parent=22930"}],"wp:term":[{"taxonomy":"product_brand","embeddable":true,"href":"https:\/\/eterle.cz\/eshop\/wp-json\/wp\/v2\/product_brand?post=22930"},{"taxonomy":"product_cat","embeddable":true,"href":"https:\/\/eterle.cz\/eshop\/wp-json\/wp\/v2\/product_cat?post=22930"},{"taxonomy":"product_tag","embeddable":true,"href":"https:\/\/eterle.cz\/eshop\/wp-json\/wp\/v2\/product_tag?post=22930"}],"curies":[{"name":"wp","href":"https:\/\/api.w.org\/{rel}","templated":true}]}}