{"id":22940,"date":"2024-12-13T17:33:11","date_gmt":"2024-12-13T16:33:11","guid":{"rendered":"https:\/\/eterle.cz\/eshop\/produkt\/polstar-bordo-kostka\/"},"modified":"2026-02-21T21:54:21","modified_gmt":"2026-02-21T20:54:21","slug":"polstar-bordo-kostka","status":"publish","type":"product","link":"https:\/\/eterle.cz\/eshop\/produkt\/polstar-bordo-kostka\/","title":{"rendered":"Pol\u0161t\u00e1\u0159 bord\u00f3 kostka"},"content":{"rendered":"<p>Dekora\u010dn\u00ed pol\u0161t\u00e1\u0159 v m\u00f3dn\u00ed bord\u00f3 barv\u011b, kter\u00fd se d\u00edky v\u00edcebarevn\u00e9mu vzoru bude snadno kombinovat s mnoha barvami.<\/p>\n<p>Stav: nov\u00fd<br \/>\nZna\u010dka: Eterle<br \/>\nRozm\u011br: 47 x 42<\/p>\n","protected":false},"excerpt":{"rendered":"<p>Dekora\u010dn\u00ed pol\u0161t\u00e1\u0159 v m\u00f3dn\u00ed bord\u00f3 barv\u011b, kter\u00fd se d\u00edky v\u00edcebarevn\u00e9mu vzoru bude snadno kombinovat s mnoha barvami. Stav: nov\u00fd Zna\u010dka:<\/p>\n","protected":false},"featured_media":22941,"template":"","meta":[],"product_brand":[153],"product_cat":[80,151],"product_tag":[],"class_list":{"0":"post-22940","1":"product","2":"type-product","3":"status-publish","4":"has-post-thumbnail","6":"product_brand-eterle-cz","7":"product_cat-dekorace","8":"product_cat-textil","10":"first","11":"instock","12":"purchasable","13":"product-type-simple"},"_links":{"self":[{"href":"https:\/\/eterle.cz\/eshop\/wp-json\/wp\/v2\/product\/22940","targetHints":{"allow":["GET"]}}],"collection":[{"href":"https:\/\/eterle.cz\/eshop\/wp-json\/wp\/v2\/product"}],"about":[{"href":"https:\/\/eterle.cz\/eshop\/wp-json\/wp\/v2\/types\/product"}],"version-history":[{"count":1,"href":"https:\/\/eterle.cz\/eshop\/wp-json\/wp\/v2\/product\/22940\/revisions"}],"predecessor-version":[{"id":25210,"href":"https:\/\/eterle.cz\/eshop\/wp-json\/wp\/v2\/product\/22940\/revisions\/25210"}],"wp:featuredmedia":[{"embeddable":true,"href":"https:\/\/eterle.cz\/eshop\/wp-json\/wp\/v2\/media\/22941"}],"wp:attachment":[{"href":"https:\/\/eterle.cz\/eshop\/wp-json\/wp\/v2\/media?parent=22940"}],"wp:term":[{"taxonomy":"product_brand","embeddable":true,"href":"https:\/\/eterle.cz\/eshop\/wp-json\/wp\/v2\/product_brand?post=22940"},{"taxonomy":"product_cat","embeddable":true,"href":"https:\/\/eterle.cz\/eshop\/wp-json\/wp\/v2\/product_cat?post=22940"},{"taxonomy":"product_tag","embeddable":true,"href":"https:\/\/eterle.cz\/eshop\/wp-json\/wp\/v2\/product_tag?post=22940"}],"curies":[{"name":"wp","href":"https:\/\/api.w.org\/{rel}","templated":true}]}}