{"id":22944,"date":"2024-12-13T17:33:19","date_gmt":"2024-12-13T16:33:19","guid":{"rendered":"https:\/\/eterle.cz\/eshop\/produkt\/polstar-kostka\/"},"modified":"2026-02-22T23:30:02","modified_gmt":"2026-02-22T22:30:02","slug":"polstar-kostka","status":"publish","type":"product","link":"https:\/\/eterle.cz\/eshop\/produkt\/polstar-kostka\/","title":{"rendered":"Pol\u0161t\u00e1\u0159 kostka"},"content":{"rendered":"<p>Dekora\u010dn\u00ed pol\u0161t\u00e1\u0159 v b\u00e9\u017eovo-\u0161ed\u00e9 barv\u011b, kter\u00fd se d\u00edky v\u00edcebarevn\u00e9mu vzoru bude snadno kombinovat s mnoha barvami.<\/p>\n<p>Stav: nov\u00fd<br \/>\nZna\u010dka: Eterle<br \/>\nRozm\u011br: 47 x 42<\/p>\n","protected":false},"excerpt":{"rendered":"<p>Dekora\u010dn\u00ed pol\u0161t\u00e1\u0159 v b\u00e9\u017eovo-\u0161ed\u00e9 barv\u011b, kter\u00fd se d\u00edky v\u00edcebarevn\u00e9mu vzoru bude snadno kombinovat s mnoha barvami. Stav: nov\u00fd Zna\u010dka: Eterle<\/p>\n","protected":false},"featured_media":22945,"template":"","meta":[],"product_brand":[153],"product_cat":[91],"product_tag":[],"class_list":{"0":"post-22944","1":"product","2":"type-product","3":"status-publish","4":"has-post-thumbnail","6":"product_brand-eterle-cz","7":"product_cat-prodane","9":"first","10":"outofstock","11":"purchasable","12":"product-type-simple"},"_links":{"self":[{"href":"https:\/\/eterle.cz\/eshop\/wp-json\/wp\/v2\/product\/22944","targetHints":{"allow":["GET"]}}],"collection":[{"href":"https:\/\/eterle.cz\/eshop\/wp-json\/wp\/v2\/product"}],"about":[{"href":"https:\/\/eterle.cz\/eshop\/wp-json\/wp\/v2\/types\/product"}],"version-history":[{"count":1,"href":"https:\/\/eterle.cz\/eshop\/wp-json\/wp\/v2\/product\/22944\/revisions"}],"predecessor-version":[{"id":25209,"href":"https:\/\/eterle.cz\/eshop\/wp-json\/wp\/v2\/product\/22944\/revisions\/25209"}],"wp:featuredmedia":[{"embeddable":true,"href":"https:\/\/eterle.cz\/eshop\/wp-json\/wp\/v2\/media\/22945"}],"wp:attachment":[{"href":"https:\/\/eterle.cz\/eshop\/wp-json\/wp\/v2\/media?parent=22944"}],"wp:term":[{"taxonomy":"product_brand","embeddable":true,"href":"https:\/\/eterle.cz\/eshop\/wp-json\/wp\/v2\/product_brand?post=22944"},{"taxonomy":"product_cat","embeddable":true,"href":"https:\/\/eterle.cz\/eshop\/wp-json\/wp\/v2\/product_cat?post=22944"},{"taxonomy":"product_tag","embeddable":true,"href":"https:\/\/eterle.cz\/eshop\/wp-json\/wp\/v2\/product_tag?post=22944"}],"curies":[{"name":"wp","href":"https:\/\/api.w.org\/{rel}","templated":true}]}}