{"id":22948,"date":"2024-12-13T17:33:28","date_gmt":"2024-12-13T16:33:28","guid":{"rendered":"https:\/\/eterle.cz\/eshop\/produkt\/dreveny-stojan\/"},"modified":"2025-06-24T01:56:17","modified_gmt":"2025-06-23T23:56:17","slug":"dreveny-stojan","status":"publish","type":"product","link":"https:\/\/eterle.cz\/eshop\/produkt\/dreveny-stojan\/","title":{"rendered":"D\u0159ev\u011bn\u00fd stojan"},"content":{"rendered":"<p>D\u0159ev\u011bn\u00fd stojan na noviny \u010di jako botn\u00edk vyroben\u00fd v 60. letech minul\u00e9ho stolet\u00ed podnikem \u00daLUV &#8211; \u00dast\u0159ed\u00ed lidov\u00e9 a um\u011bleck\u00e9 v\u00fdroby, kter\u00e9 vzniklo v roce 1948 jako sdru\u017een\u00ed n\u011bkolika zna\u010dek v\u010detn\u011b zn\u00e1m\u00e9 Kr\u00e1sn\u00e9 jizby.<\/p>\n<p>Stav: p\u016fvodn\u00ed zachoval\u00fd stav, drobn\u00e9 nedostatky nafoceny<br \/>\nRozm\u011br<br \/>\nV\u00fd\u0161ka: 63 cm<br \/>\nHloubka: 28,5 cm<br \/>\n\u0160\u00ed\u0159ka: 68 cm<\/p>\n","protected":false},"excerpt":{"rendered":"<p>D\u0159ev\u011bn\u00fd stojan na noviny \u010di jako botn\u00edk vyroben\u00fd v 60. letech minul\u00e9ho stolet\u00ed podnikem \u00daLUV &#8211; \u00dast\u0159ed\u00ed lidov\u00e9 a um\u011bleck\u00e9<\/p>\n","protected":false},"featured_media":22949,"template":"","meta":[],"product_brand":[153],"product_cat":[80,137],"product_tag":[],"class_list":{"0":"post-22948","1":"product","2":"type-product","3":"status-publish","4":"has-post-thumbnail","6":"product_brand-eterle-cz","7":"product_cat-dekorace","8":"product_cat-ostatni-dekorace","9":"product_shipping_class-nadrozmerne","11":"first","12":"instock","13":"purchasable","14":"product-type-simple"},"_links":{"self":[{"href":"https:\/\/eterle.cz\/eshop\/wp-json\/wp\/v2\/product\/22948","targetHints":{"allow":["GET"]}}],"collection":[{"href":"https:\/\/eterle.cz\/eshop\/wp-json\/wp\/v2\/product"}],"about":[{"href":"https:\/\/eterle.cz\/eshop\/wp-json\/wp\/v2\/types\/product"}],"version-history":[{"count":1,"href":"https:\/\/eterle.cz\/eshop\/wp-json\/wp\/v2\/product\/22948\/revisions"}],"predecessor-version":[{"id":26527,"href":"https:\/\/eterle.cz\/eshop\/wp-json\/wp\/v2\/product\/22948\/revisions\/26527"}],"wp:featuredmedia":[{"embeddable":true,"href":"https:\/\/eterle.cz\/eshop\/wp-json\/wp\/v2\/media\/22949"}],"wp:attachment":[{"href":"https:\/\/eterle.cz\/eshop\/wp-json\/wp\/v2\/media?parent=22948"}],"wp:term":[{"taxonomy":"product_brand","embeddable":true,"href":"https:\/\/eterle.cz\/eshop\/wp-json\/wp\/v2\/product_brand?post=22948"},{"taxonomy":"product_cat","embeddable":true,"href":"https:\/\/eterle.cz\/eshop\/wp-json\/wp\/v2\/product_cat?post=22948"},{"taxonomy":"product_tag","embeddable":true,"href":"https:\/\/eterle.cz\/eshop\/wp-json\/wp\/v2\/product_tag?post=22948"}],"curies":[{"name":"wp","href":"https:\/\/api.w.org\/{rel}","templated":true}]}}