{"id":22957,"date":"2024-12-13T17:33:47","date_gmt":"2024-12-13T16:33:47","guid":{"rendered":"https:\/\/eterle.cz\/eshop\/produkt\/cerna-misa\/"},"modified":"2026-02-05T22:27:14","modified_gmt":"2026-02-05T21:27:14","slug":"cerna-misa","status":"publish","type":"product","link":"https:\/\/eterle.cz\/eshop\/produkt\/cerna-misa\/","title":{"rendered":"\u010cern\u00e1 m\u00edsa"},"content":{"rendered":"<p>\u010cern\u00e1 sklen\u011bn\u00e1 m\u00edsa na no\u017ei\u010dk\u00e1ch v nyn\u00ed modern\u00ed \u010dern\u00e9 barv\u011b, kter\u00e1 p\u016fsob\u00ed v\u017edy elegant\u00edm dojmem.<\/p>\n<p>Stav:velmi dobr\u00fd<br \/>\nRozm\u011br<br \/>\nV\u00fd\u0161ka: 12 cm<br \/>\nPr\u016fm\u011br: 23 cm<\/p>\n","protected":false},"excerpt":{"rendered":"<p>\u010cern\u00e1 sklen\u011bn\u00e1 m\u00edsa na no\u017ei\u010dk\u00e1ch v nyn\u00ed modern\u00ed \u010dern\u00e9 barv\u011b, kter\u00e1 p\u016fsob\u00ed v\u017edy elegant\u00edm dojmem. Stav:velmi dobr\u00fd Rozm\u011br V\u00fd\u0161ka: 12<\/p>\n","protected":false},"featured_media":22958,"template":"","meta":[],"product_brand":[153],"product_cat":[91],"product_tag":[],"class_list":{"0":"post-22957","1":"product","2":"type-product","3":"status-publish","4":"has-post-thumbnail","6":"product_brand-eterle-cz","7":"product_cat-prodane","9":"first","10":"outofstock","11":"purchasable","12":"product-type-simple"},"_links":{"self":[{"href":"https:\/\/eterle.cz\/eshop\/wp-json\/wp\/v2\/product\/22957","targetHints":{"allow":["GET"]}}],"collection":[{"href":"https:\/\/eterle.cz\/eshop\/wp-json\/wp\/v2\/product"}],"about":[{"href":"https:\/\/eterle.cz\/eshop\/wp-json\/wp\/v2\/types\/product"}],"version-history":[{"count":1,"href":"https:\/\/eterle.cz\/eshop\/wp-json\/wp\/v2\/product\/22957\/revisions"}],"predecessor-version":[{"id":26619,"href":"https:\/\/eterle.cz\/eshop\/wp-json\/wp\/v2\/product\/22957\/revisions\/26619"}],"wp:featuredmedia":[{"embeddable":true,"href":"https:\/\/eterle.cz\/eshop\/wp-json\/wp\/v2\/media\/22958"}],"wp:attachment":[{"href":"https:\/\/eterle.cz\/eshop\/wp-json\/wp\/v2\/media?parent=22957"}],"wp:term":[{"taxonomy":"product_brand","embeddable":true,"href":"https:\/\/eterle.cz\/eshop\/wp-json\/wp\/v2\/product_brand?post=22957"},{"taxonomy":"product_cat","embeddable":true,"href":"https:\/\/eterle.cz\/eshop\/wp-json\/wp\/v2\/product_cat?post=22957"},{"taxonomy":"product_tag","embeddable":true,"href":"https:\/\/eterle.cz\/eshop\/wp-json\/wp\/v2\/product_tag?post=22957"}],"curies":[{"name":"wp","href":"https:\/\/api.w.org\/{rel}","templated":true}]}}