{"id":22965,"date":"2024-12-13T17:34:05","date_gmt":"2024-12-13T16:34:05","guid":{"rendered":"https:\/\/eterle.cz\/eshop\/produkt\/karafa-13\/"},"modified":"2025-06-23T01:32:13","modified_gmt":"2025-06-22T23:32:13","slug":"karafa-13","status":"publish","type":"product","link":"https:\/\/eterle.cz\/eshop\/produkt\/karafa-13\/","title":{"rendered":"Karafa"},"content":{"rendered":"<p>Lit\u00e1 karafa na tvrd\u00fd alkohol. \u0160punt je zabrou\u0161en\u00fd. Karafy nyn\u00ed p\u0159ich\u00e1zej\u00ed op\u011bt do m\u00f3dy a jsou \u017e\u00e1dan\u00fdm zbo\u017e\u00edm. Pokud si l\u00e1mete hlavu nad t\u00edm, jak\u00fd d\u00e1rek zvolit pro mu\u017ee, tohle by mohla b\u00fdt dobr\u00e1 volba.<\/p>\n<p>Stav: dobr\u00fd<br \/>\nRozm\u011br<br \/>\nV\u00fd\u0161ka: 19 cm<br \/>\n\u0160\u00ed\u0159ka: 15 cm<br \/>\nObjem: 750 ml<\/p>\n","protected":false},"excerpt":{"rendered":"<p>Lit\u00e1 karafa na tvrd\u00fd alkohol. \u0160punt je zabrou\u0161en\u00fd. Karafy nyn\u00ed p\u0159ich\u00e1zej\u00ed op\u011bt do m\u00f3dy a jsou \u017e\u00e1dan\u00fdm zbo\u017e\u00edm. Pokud si<\/p>\n","protected":false},"featured_media":22966,"template":"","meta":[],"product_brand":[153],"product_cat":[91],"product_tag":[],"class_list":{"0":"post-22965","1":"product","2":"type-product","3":"status-publish","4":"has-post-thumbnail","6":"product_brand-eterle-cz","7":"product_cat-prodane","9":"first","10":"outofstock","11":"purchasable","12":"product-type-simple"},"_links":{"self":[{"href":"https:\/\/eterle.cz\/eshop\/wp-json\/wp\/v2\/product\/22965","targetHints":{"allow":["GET"]}}],"collection":[{"href":"https:\/\/eterle.cz\/eshop\/wp-json\/wp\/v2\/product"}],"about":[{"href":"https:\/\/eterle.cz\/eshop\/wp-json\/wp\/v2\/types\/product"}],"version-history":[{"count":2,"href":"https:\/\/eterle.cz\/eshop\/wp-json\/wp\/v2\/product\/22965\/revisions"}],"predecessor-version":[{"id":26047,"href":"https:\/\/eterle.cz\/eshop\/wp-json\/wp\/v2\/product\/22965\/revisions\/26047"}],"wp:featuredmedia":[{"embeddable":true,"href":"https:\/\/eterle.cz\/eshop\/wp-json\/wp\/v2\/media\/22966"}],"wp:attachment":[{"href":"https:\/\/eterle.cz\/eshop\/wp-json\/wp\/v2\/media?parent=22965"}],"wp:term":[{"taxonomy":"product_brand","embeddable":true,"href":"https:\/\/eterle.cz\/eshop\/wp-json\/wp\/v2\/product_brand?post=22965"},{"taxonomy":"product_cat","embeddable":true,"href":"https:\/\/eterle.cz\/eshop\/wp-json\/wp\/v2\/product_cat?post=22965"},{"taxonomy":"product_tag","embeddable":true,"href":"https:\/\/eterle.cz\/eshop\/wp-json\/wp\/v2\/product_tag?post=22965"}],"curies":[{"name":"wp","href":"https:\/\/api.w.org\/{rel}","templated":true}]}}