{"id":22971,"date":"2024-12-13T17:34:17","date_gmt":"2024-12-13T16:34:17","guid":{"rendered":"https:\/\/eterle.cz\/eshop\/produkt\/karafa-14\/"},"modified":"2025-02-16T02:42:48","modified_gmt":"2025-02-16T01:42:48","slug":"karafa-14","status":"publish","type":"product","link":"https:\/\/eterle.cz\/eshop\/produkt\/karafa-14\/","title":{"rendered":"Karafa"},"content":{"rendered":"<p>Lit\u00e1 karafa na whisky. \u0160punt je zabrou\u0161en\u00fd. Karafy nyn\u00ed p\u0159ich\u00e1zej\u00ed op\u011bt do m\u00f3dy a jsou \u017e\u00e1dan\u00fdm zbo\u017e\u00edm. Pokud si l\u00e1mete hlavu nad t\u00edm, jak\u00fd d\u00e1rek zvolit pro mu\u017ee, tohle by mohla b\u00fdt dobr\u00e1 volba.<\/p>\n<p>Stav: dobr\u00fd<br \/>\nRozm\u011br<br \/>\nV\u00fd\u0161ka: 25 cm<br \/>\nObjem: 750 ml<\/p>\n","protected":false},"excerpt":{"rendered":"<p>Lit\u00e1 karafa na whisky. \u0160punt je zabrou\u0161en\u00fd. Karafy nyn\u00ed p\u0159ich\u00e1zej\u00ed op\u011bt do m\u00f3dy a jsou \u017e\u00e1dan\u00fdm zbo\u017e\u00edm. Pokud si l\u00e1mete<\/p>\n","protected":false},"featured_media":22972,"template":"","meta":[],"product_brand":[153],"product_cat":[91],"product_tag":[],"class_list":{"0":"post-22971","1":"product","2":"type-product","3":"status-publish","4":"has-post-thumbnail","6":"product_brand-eterle-cz","7":"product_cat-prodane","9":"first","10":"outofstock","11":"purchasable","12":"product-type-simple"},"_links":{"self":[{"href":"https:\/\/eterle.cz\/eshop\/wp-json\/wp\/v2\/product\/22971","targetHints":{"allow":["GET"]}}],"collection":[{"href":"https:\/\/eterle.cz\/eshop\/wp-json\/wp\/v2\/product"}],"about":[{"href":"https:\/\/eterle.cz\/eshop\/wp-json\/wp\/v2\/types\/product"}],"version-history":[{"count":0,"href":"https:\/\/eterle.cz\/eshop\/wp-json\/wp\/v2\/product\/22971\/revisions"}],"wp:featuredmedia":[{"embeddable":true,"href":"https:\/\/eterle.cz\/eshop\/wp-json\/wp\/v2\/media\/22972"}],"wp:attachment":[{"href":"https:\/\/eterle.cz\/eshop\/wp-json\/wp\/v2\/media?parent=22971"}],"wp:term":[{"taxonomy":"product_brand","embeddable":true,"href":"https:\/\/eterle.cz\/eshop\/wp-json\/wp\/v2\/product_brand?post=22971"},{"taxonomy":"product_cat","embeddable":true,"href":"https:\/\/eterle.cz\/eshop\/wp-json\/wp\/v2\/product_cat?post=22971"},{"taxonomy":"product_tag","embeddable":true,"href":"https:\/\/eterle.cz\/eshop\/wp-json\/wp\/v2\/product_tag?post=22971"}],"curies":[{"name":"wp","href":"https:\/\/api.w.org\/{rel}","templated":true}]}}