{"id":22974,"date":"2024-12-13T17:34:25","date_gmt":"2024-12-13T16:34:25","guid":{"rendered":"https:\/\/eterle.cz\/eshop\/produkt\/sada-6-sklenic-na-vodu-3\/"},"modified":"2025-03-03T22:10:25","modified_gmt":"2025-03-03T21:10:25","slug":"sada-6-sklenic-na-vodu-3","status":"publish","type":"product","link":"https:\/\/eterle.cz\/eshop\/produkt\/sada-6-sklenic-na-vodu-3\/","title":{"rendered":"Sada 6 sklenic na vodu"},"content":{"rendered":"<p>Sada 6 sklenic na vodu s 30. let minul\u00e9ho stolet\u00ed s brou\u0161en\u00fdm vzorem sytlizvan\u00fdch kv\u011btin.<\/p>\n<p>Stav: dobr\u00fd<br \/>\nRozm\u011br<br \/>\nV\u00fd\u0161ka: 11,5 cm<br \/>\nObjem: 270 ml<\/p>\n","protected":false},"excerpt":{"rendered":"<p>Sada 6 sklenic na vodu s 30. let minul\u00e9ho stolet\u00ed s brou\u0161en\u00fdm vzorem sytlizvan\u00fdch kv\u011btin. Stav: dobr\u00fd Rozm\u011br V\u00fd\u0161ka: 11,5<\/p>\n","protected":false},"featured_media":22975,"template":"","meta":[],"product_brand":[153],"product_cat":[91],"product_tag":[],"class_list":{"0":"post-22974","1":"product","2":"type-product","3":"status-publish","4":"has-post-thumbnail","6":"product_brand-eterle-cz","7":"product_cat-prodane","9":"first","10":"outofstock","11":"purchasable","12":"product-type-simple"},"_links":{"self":[{"href":"https:\/\/eterle.cz\/eshop\/wp-json\/wp\/v2\/product\/22974","targetHints":{"allow":["GET"]}}],"collection":[{"href":"https:\/\/eterle.cz\/eshop\/wp-json\/wp\/v2\/product"}],"about":[{"href":"https:\/\/eterle.cz\/eshop\/wp-json\/wp\/v2\/types\/product"}],"version-history":[{"count":0,"href":"https:\/\/eterle.cz\/eshop\/wp-json\/wp\/v2\/product\/22974\/revisions"}],"wp:featuredmedia":[{"embeddable":true,"href":"https:\/\/eterle.cz\/eshop\/wp-json\/wp\/v2\/media\/22975"}],"wp:attachment":[{"href":"https:\/\/eterle.cz\/eshop\/wp-json\/wp\/v2\/media?parent=22974"}],"wp:term":[{"taxonomy":"product_brand","embeddable":true,"href":"https:\/\/eterle.cz\/eshop\/wp-json\/wp\/v2\/product_brand?post=22974"},{"taxonomy":"product_cat","embeddable":true,"href":"https:\/\/eterle.cz\/eshop\/wp-json\/wp\/v2\/product_cat?post=22974"},{"taxonomy":"product_tag","embeddable":true,"href":"https:\/\/eterle.cz\/eshop\/wp-json\/wp\/v2\/product_tag?post=22974"}],"curies":[{"name":"wp","href":"https:\/\/api.w.org\/{rel}","templated":true}]}}