{"id":22982,"date":"2024-12-13T17:34:42","date_gmt":"2024-12-13T16:34:42","guid":{"rendered":"https:\/\/eterle.cz\/eshop\/produkt\/sada-6-sklenic-na-liker-3\/"},"modified":"2025-02-16T02:42:46","modified_gmt":"2025-02-16T01:42:46","slug":"sada-6-sklenic-na-liker-3","status":"publish","type":"product","link":"https:\/\/eterle.cz\/eshop\/produkt\/sada-6-sklenic-na-liker-3\/","title":{"rendered":"Sada 6 sklenic na lik\u00e9r"},"content":{"rendered":"<p>Sada 6 sklenic na lik\u00e9r z tenou\u010dk\u00e9ho skla s vybrou\u0161en\u00fdm dekorem do \u0161ikm\u00fdch pruh\u016f.<\/p>\n<p>Stav: dobr\u00fd<br \/>\nRozm\u011br<br \/>\nV\u00fd\u0161ka: 11 cm<br \/>\nObjem: 90 ml<\/p>\n","protected":false},"excerpt":{"rendered":"<p>Sada 6 sklenic na lik\u00e9r z tenou\u010dk\u00e9ho skla s vybrou\u0161en\u00fdm dekorem do \u0161ikm\u00fdch pruh\u016f. Stav: dobr\u00fd Rozm\u011br V\u00fd\u0161ka: 11 cm<\/p>\n","protected":false},"featured_media":22983,"template":"","meta":[],"product_brand":[153],"product_cat":[91],"product_tag":[],"class_list":{"0":"post-22982","1":"product","2":"type-product","3":"status-publish","4":"has-post-thumbnail","6":"product_brand-eterle-cz","7":"product_cat-prodane","9":"first","10":"outofstock","11":"purchasable","12":"product-type-simple"},"_links":{"self":[{"href":"https:\/\/eterle.cz\/eshop\/wp-json\/wp\/v2\/product\/22982","targetHints":{"allow":["GET"]}}],"collection":[{"href":"https:\/\/eterle.cz\/eshop\/wp-json\/wp\/v2\/product"}],"about":[{"href":"https:\/\/eterle.cz\/eshop\/wp-json\/wp\/v2\/types\/product"}],"version-history":[{"count":0,"href":"https:\/\/eterle.cz\/eshop\/wp-json\/wp\/v2\/product\/22982\/revisions"}],"wp:featuredmedia":[{"embeddable":true,"href":"https:\/\/eterle.cz\/eshop\/wp-json\/wp\/v2\/media\/22983"}],"wp:attachment":[{"href":"https:\/\/eterle.cz\/eshop\/wp-json\/wp\/v2\/media?parent=22982"}],"wp:term":[{"taxonomy":"product_brand","embeddable":true,"href":"https:\/\/eterle.cz\/eshop\/wp-json\/wp\/v2\/product_brand?post=22982"},{"taxonomy":"product_cat","embeddable":true,"href":"https:\/\/eterle.cz\/eshop\/wp-json\/wp\/v2\/product_cat?post=22982"},{"taxonomy":"product_tag","embeddable":true,"href":"https:\/\/eterle.cz\/eshop\/wp-json\/wp\/v2\/product_tag?post=22982"}],"curies":[{"name":"wp","href":"https:\/\/api.w.org\/{rel}","templated":true}]}}