{"id":22985,"date":"2024-12-13T17:34:49","date_gmt":"2024-12-13T16:34:49","guid":{"rendered":"https:\/\/eterle.cz\/eshop\/produkt\/sada-6-degustacnich-sklenic\/"},"modified":"2025-06-24T01:57:38","modified_gmt":"2025-06-23T23:57:38","slug":"sada-6-degustacnich-sklenic","status":"publish","type":"product","link":"https:\/\/eterle.cz\/eshop\/produkt\/sada-6-degustacnich-sklenic\/","title":{"rendered":"Sada 6 degusta\u010dn\u00edch sklenic"},"content":{"rendered":"<p>Sada 6 sklenic na ko\u0148ak \u010di whisky se zaj\u00edmav\u011b tvarovanou stonkou, kter\u00e1 z tenk\u00e9 p\u0159ech\u00e1z\u00ed do siln\u00e9 a\u017e v\u00e1lcovit\u00e9 stonky se spir\u00e1lov\u00fdm zdoben\u00edm.<\/p>\n<p>Stav: dobr\u00fd<br \/>\nRozm\u011br<br \/>\nV\u00fd\u0161ka: 15 cm<br \/>\nObjem: 200 ml<\/p>\n","protected":false},"excerpt":{"rendered":"<p>Sada 6 sklenic na ko\u0148ak \u010di whisky se zaj\u00edmav\u011b tvarovanou stonkou, kter\u00e1 z tenk\u00e9 p\u0159ech\u00e1z\u00ed do siln\u00e9 a\u017e v\u00e1lcovit\u00e9 stonky<\/p>\n","protected":false},"featured_media":22986,"template":"","meta":[],"product_brand":[153],"product_cat":[75,134],"product_tag":[],"class_list":{"0":"post-22985","1":"product","2":"type-product","3":"status-publish","4":"has-post-thumbnail","6":"product_brand-eterle-cz","7":"product_cat-sklo","8":"product_cat-sklenice","10":"first","11":"instock","12":"purchasable","13":"product-type-simple"},"_links":{"self":[{"href":"https:\/\/eterle.cz\/eshop\/wp-json\/wp\/v2\/product\/22985","targetHints":{"allow":["GET"]}}],"collection":[{"href":"https:\/\/eterle.cz\/eshop\/wp-json\/wp\/v2\/product"}],"about":[{"href":"https:\/\/eterle.cz\/eshop\/wp-json\/wp\/v2\/types\/product"}],"version-history":[{"count":1,"href":"https:\/\/eterle.cz\/eshop\/wp-json\/wp\/v2\/product\/22985\/revisions"}],"predecessor-version":[{"id":26617,"href":"https:\/\/eterle.cz\/eshop\/wp-json\/wp\/v2\/product\/22985\/revisions\/26617"}],"wp:featuredmedia":[{"embeddable":true,"href":"https:\/\/eterle.cz\/eshop\/wp-json\/wp\/v2\/media\/22986"}],"wp:attachment":[{"href":"https:\/\/eterle.cz\/eshop\/wp-json\/wp\/v2\/media?parent=22985"}],"wp:term":[{"taxonomy":"product_brand","embeddable":true,"href":"https:\/\/eterle.cz\/eshop\/wp-json\/wp\/v2\/product_brand?post=22985"},{"taxonomy":"product_cat","embeddable":true,"href":"https:\/\/eterle.cz\/eshop\/wp-json\/wp\/v2\/product_cat?post=22985"},{"taxonomy":"product_tag","embeddable":true,"href":"https:\/\/eterle.cz\/eshop\/wp-json\/wp\/v2\/product_tag?post=22985"}],"curies":[{"name":"wp","href":"https:\/\/api.w.org\/{rel}","templated":true}]}}