{"id":22994,"date":"2024-12-13T17:35:08","date_gmt":"2024-12-13T16:35:08","guid":{"rendered":"https:\/\/eterle.cz\/eshop\/produkt\/porcelanova-vaza-rudolf-kampf\/"},"modified":"2025-10-11T23:06:12","modified_gmt":"2025-10-11T21:06:12","slug":"porcelanova-vaza-rudolf-kampf","status":"publish","type":"product","link":"https:\/\/eterle.cz\/eshop\/produkt\/porcelanova-vaza-rudolf-kampf\/","title":{"rendered":"Porcel\u00e1nov\u00e1 v\u00e1za \/ Rudolf K\u00e4mpf"},"content":{"rendered":"<p>Porcel\u00e1nov\u00e1 v\u00e1za od \u010desk\u00e9 porcel\u00e1nky Rudolf K\u00e4mpf, kter\u00e1 se soust\u0159ed\u00ed na exkluzivn\u00ed ru\u010dn\u011b vyr\u00e1b\u011bn\u00e9 p\u0159edm\u011bty. V\u00e1za m\u00e1 klasick\u00fd tvar a bohat\u011b zlacen\u00fd plastick\u00fd pruh.<\/p>\n<p>Stav: v\u00fdborn\u00fd<br \/>\nZna\u010dka: KPM<br \/>\nRozm\u011br<br \/>\nV\u00fd\u0161ka: 29 cm<br \/>\nPr\u016fm\u011br otvoru: 11 cm<\/p>\n","protected":false},"excerpt":{"rendered":"<p>Porcel\u00e1nov\u00e1 v\u00e1za od \u010desk\u00e9 porcel\u00e1nky Rudolf K\u00e4mpf, kter\u00e1 se soust\u0159ed\u00ed na exkluzivn\u00ed ru\u010dn\u011b vyr\u00e1b\u011bn\u00e9 p\u0159edm\u011bty. V\u00e1za m\u00e1 klasick\u00fd tvar a<\/p>\n","protected":false},"featured_media":22995,"template":"","meta":[],"product_brand":[153],"product_cat":[91],"product_tag":[],"class_list":{"0":"post-22994","1":"product","2":"type-product","3":"status-publish","4":"has-post-thumbnail","6":"product_brand-eterle-cz","7":"product_cat-prodane","9":"first","10":"outofstock","11":"purchasable","12":"product-type-simple"},"_links":{"self":[{"href":"https:\/\/eterle.cz\/eshop\/wp-json\/wp\/v2\/product\/22994","targetHints":{"allow":["GET"]}}],"collection":[{"href":"https:\/\/eterle.cz\/eshop\/wp-json\/wp\/v2\/product"}],"about":[{"href":"https:\/\/eterle.cz\/eshop\/wp-json\/wp\/v2\/types\/product"}],"version-history":[{"count":1,"href":"https:\/\/eterle.cz\/eshop\/wp-json\/wp\/v2\/product\/22994\/revisions"}],"predecessor-version":[{"id":26616,"href":"https:\/\/eterle.cz\/eshop\/wp-json\/wp\/v2\/product\/22994\/revisions\/26616"}],"wp:featuredmedia":[{"embeddable":true,"href":"https:\/\/eterle.cz\/eshop\/wp-json\/wp\/v2\/media\/22995"}],"wp:attachment":[{"href":"https:\/\/eterle.cz\/eshop\/wp-json\/wp\/v2\/media?parent=22994"}],"wp:term":[{"taxonomy":"product_brand","embeddable":true,"href":"https:\/\/eterle.cz\/eshop\/wp-json\/wp\/v2\/product_brand?post=22994"},{"taxonomy":"product_cat","embeddable":true,"href":"https:\/\/eterle.cz\/eshop\/wp-json\/wp\/v2\/product_cat?post=22994"},{"taxonomy":"product_tag","embeddable":true,"href":"https:\/\/eterle.cz\/eshop\/wp-json\/wp\/v2\/product_tag?post=22994"}],"curies":[{"name":"wp","href":"https:\/\/api.w.org\/{rel}","templated":true}]}}