{"id":23006,"date":"2024-12-13T17:35:37","date_gmt":"2024-12-13T16:35:37","guid":{"rendered":"https:\/\/eterle.cz\/eshop\/produkt\/stolni-lampicka-10\/"},"modified":"2025-06-24T01:57:37","modified_gmt":"2025-06-23T23:57:37","slug":"stolni-lampicka-10","status":"publish","type":"product","link":"https:\/\/eterle.cz\/eshop\/produkt\/stolni-lampicka-10\/","title":{"rendered":"Stoln\u00ed lampi\u010dka"},"content":{"rendered":"<p>Stoln\u00ed lampa se sklen\u011bnou z\u00e1kladnou a sklen\u011bn\u00fdmi vlasci ve tvaru font\u00e1ny, kter\u00e1 m\u00e1 v sob\u011b drobn\u00e1 sv\u011bt\u00fdlka. Jedn\u00e1 se sp\u00ed\u0161e o dekorativn\u00ed objekt navozuj\u00edc\u00ed poklidnou atmosf\u00e9ru ne\u017e pln\u011bhodnotn\u00e9 sv\u011btlo.<\/p>\n<p>Stav: dobr\u00fd p\u016fvodn\u00ed zachoval\u00fd, elekt\u0159ina p\u016fvodn\u00ed a funk\u010dn\u00ed<br \/>\nRozm\u011br<br \/>\nV\u00fd\u0161ka celkov\u00e1: 42 cm<br \/>\nPr\u016fm\u011br sklen\u011bn\u00fd: 14 cm<\/p>\n","protected":false},"excerpt":{"rendered":"<p>Stoln\u00ed lampa se sklen\u011bnou z\u00e1kladnou a sklen\u011bn\u00fdmi vlasci ve tvaru font\u00e1ny, kter\u00e1 m\u00e1 v sob\u011b drobn\u00e1 sv\u011bt\u00fdlka. Jedn\u00e1 se sp\u00ed\u0161e<\/p>\n","protected":false},"featured_media":23007,"template":"","meta":[],"product_brand":[153],"product_cat":[79,141],"product_tag":[],"class_list":{"0":"post-23006","1":"product","2":"type-product","3":"status-publish","4":"has-post-thumbnail","6":"product_brand-eterle-cz","7":"product_cat-svetla","8":"product_cat-stolni-lampy","9":"product_shipping_class-nadrozmerne","11":"first","12":"instock","13":"purchasable","14":"product-type-simple"},"_links":{"self":[{"href":"https:\/\/eterle.cz\/eshop\/wp-json\/wp\/v2\/product\/23006","targetHints":{"allow":["GET"]}}],"collection":[{"href":"https:\/\/eterle.cz\/eshop\/wp-json\/wp\/v2\/product"}],"about":[{"href":"https:\/\/eterle.cz\/eshop\/wp-json\/wp\/v2\/types\/product"}],"version-history":[{"count":1,"href":"https:\/\/eterle.cz\/eshop\/wp-json\/wp\/v2\/product\/23006\/revisions"}],"predecessor-version":[{"id":26615,"href":"https:\/\/eterle.cz\/eshop\/wp-json\/wp\/v2\/product\/23006\/revisions\/26615"}],"wp:featuredmedia":[{"embeddable":true,"href":"https:\/\/eterle.cz\/eshop\/wp-json\/wp\/v2\/media\/23007"}],"wp:attachment":[{"href":"https:\/\/eterle.cz\/eshop\/wp-json\/wp\/v2\/media?parent=23006"}],"wp:term":[{"taxonomy":"product_brand","embeddable":true,"href":"https:\/\/eterle.cz\/eshop\/wp-json\/wp\/v2\/product_brand?post=23006"},{"taxonomy":"product_cat","embeddable":true,"href":"https:\/\/eterle.cz\/eshop\/wp-json\/wp\/v2\/product_cat?post=23006"},{"taxonomy":"product_tag","embeddable":true,"href":"https:\/\/eterle.cz\/eshop\/wp-json\/wp\/v2\/product_tag?post=23006"}],"curies":[{"name":"wp","href":"https:\/\/api.w.org\/{rel}","templated":true}]}}