{"id":23168,"date":"2025-02-04T21:17:03","date_gmt":"2025-02-04T20:17:03","guid":{"rendered":"https:\/\/eterle.cz\/eshop\/produkt\/sekretar-s-barem\/"},"modified":"2025-06-24T01:57:37","modified_gmt":"2025-06-23T23:57:37","slug":"sekretar-s-barem","status":"publish","type":"product","link":"https:\/\/eterle.cz\/eshop\/produkt\/sekretar-s-barem\/","title":{"rendered":"Sekret\u00e1\u0159 s barem"},"content":{"rendered":"<p>Minimalistick\u00fd praktick\u00fd sekret\u00e1\u0159 s kr\u00e1snou kresbou d\u0159eva v medov\u00e9 barv\u011b poskytne dostatek \u00falo\u017en\u00e9ho prostoru a nav\u00edc pot\u011b\u0161\u00ed skryt\u00fdm minibarem. Velikost tak akor\u00e1t do ka\u017ed\u00e9ho interi\u00e9ru.<\/p>\n<p>Stav: dobr\u00fd p\u016fvodn\u00ed stav, z boku dole od\u0161t\u00edpl\u00fd mal\u00fd kousek d\u00fdhy (viz foto)<br \/>\nRozm\u011br<br \/>\nV\u00fd\u0161ka: 161 cm<br \/>\n\u0160\u00ed\u0159ka: 120 cm<br \/>\nHloubka: 40 cm<\/p>\n<p>&nbsp;<\/p>\n","protected":false},"excerpt":{"rendered":"<p>Minimalistick\u00fd praktick\u00fd sekret\u00e1\u0159 s kr\u00e1snou kresbou d\u0159eva v medov\u00e9 barv\u011b poskytne dostatek \u00falo\u017en\u00e9ho prostoru a nav\u00edc pot\u011b\u0161\u00ed skryt\u00fdm minibarem. Velikost<\/p>\n","protected":false},"featured_media":23169,"template":"","meta":[],"product_brand":[153],"product_cat":[130,125],"product_tag":[],"class_list":{"0":"post-23168","1":"product","2":"type-product","3":"status-publish","4":"has-post-thumbnail","6":"product_brand-eterle-cz","7":"product_cat-nabytek","8":"product_cat-komody-a-skrine","9":"product_shipping_class-nadrozmerne","11":"first","12":"instock","13":"purchasable","14":"product-type-simple"},"_links":{"self":[{"href":"https:\/\/eterle.cz\/eshop\/wp-json\/wp\/v2\/product\/23168","targetHints":{"allow":["GET"]}}],"collection":[{"href":"https:\/\/eterle.cz\/eshop\/wp-json\/wp\/v2\/product"}],"about":[{"href":"https:\/\/eterle.cz\/eshop\/wp-json\/wp\/v2\/types\/product"}],"version-history":[{"count":1,"href":"https:\/\/eterle.cz\/eshop\/wp-json\/wp\/v2\/product\/23168\/revisions"}],"predecessor-version":[{"id":25207,"href":"https:\/\/eterle.cz\/eshop\/wp-json\/wp\/v2\/product\/23168\/revisions\/25207"}],"wp:featuredmedia":[{"embeddable":true,"href":"https:\/\/eterle.cz\/eshop\/wp-json\/wp\/v2\/media\/23169"}],"wp:attachment":[{"href":"https:\/\/eterle.cz\/eshop\/wp-json\/wp\/v2\/media?parent=23168"}],"wp:term":[{"taxonomy":"product_brand","embeddable":true,"href":"https:\/\/eterle.cz\/eshop\/wp-json\/wp\/v2\/product_brand?post=23168"},{"taxonomy":"product_cat","embeddable":true,"href":"https:\/\/eterle.cz\/eshop\/wp-json\/wp\/v2\/product_cat?post=23168"},{"taxonomy":"product_tag","embeddable":true,"href":"https:\/\/eterle.cz\/eshop\/wp-json\/wp\/v2\/product_tag?post=23168"}],"curies":[{"name":"wp","href":"https:\/\/api.w.org\/{rel}","templated":true}]}}