{"id":23190,"date":"2025-02-04T21:17:35","date_gmt":"2025-02-04T20:17:35","guid":{"rendered":"https:\/\/eterle.cz\/eshop\/produkt\/srinka-s-polickou\/"},"modified":"2025-09-09T11:56:33","modified_gmt":"2025-09-09T09:56:33","slug":"srinka-s-polickou","status":"publish","type":"product","link":"https:\/\/eterle.cz\/eshop\/produkt\/srinka-s-polickou\/","title":{"rendered":"S\u0159\u00ed\u0148ka s poli\u010dkou"},"content":{"rendered":"<p>Sk\u0159\u00ed\u0148ka s opaxitov\u00fdm sklem a men\u0161\u00ed poli\u010dkou z \u010dir\u00e9ho skla. Vhodn\u00e1 nap\u0159\u00edklad do chodby na odlo\u017een\u00ed kabelky, schov\u00e1n\u00ed kl\u00ed\u010d\u016f do \u0161upl\u00edku nebo ba\u010dkor do doln\u00ed sk\u0159\u00ed\u0148ky.<\/p>\n<p>Rozm\u011br<br \/>\nV\u00fd\u0161ka: 79 cm<br \/>\n\u0160\u00ed\u0159ka: 97 cm<br \/>\nHloubka: 36 cm<\/p>\n<p>&nbsp;<\/p>\n","protected":false},"excerpt":{"rendered":"<p>Sk\u0159\u00ed\u0148ka s opaxitov\u00fdm sklem a men\u0161\u00ed poli\u010dkou z \u010dir\u00e9ho skla. Vhodn\u00e1 nap\u0159\u00edklad do chodby na odlo\u017een\u00ed kabelky, schov\u00e1n\u00ed kl\u00ed\u010d\u016f do<\/p>\n","protected":false},"featured_media":23603,"template":"","meta":[],"product_brand":[153],"product_cat":[91],"product_tag":[],"class_list":{"0":"post-23190","1":"product","2":"type-product","3":"status-publish","4":"has-post-thumbnail","6":"product_brand-eterle-cz","7":"product_cat-prodane","8":"product_shipping_class-nadrozmerne","10":"first","11":"outofstock","12":"purchasable","13":"product-type-simple"},"_links":{"self":[{"href":"https:\/\/eterle.cz\/eshop\/wp-json\/wp\/v2\/product\/23190","targetHints":{"allow":["GET"]}}],"collection":[{"href":"https:\/\/eterle.cz\/eshop\/wp-json\/wp\/v2\/product"}],"about":[{"href":"https:\/\/eterle.cz\/eshop\/wp-json\/wp\/v2\/types\/product"}],"version-history":[{"count":1,"href":"https:\/\/eterle.cz\/eshop\/wp-json\/wp\/v2\/product\/23190\/revisions"}],"predecessor-version":[{"id":25206,"href":"https:\/\/eterle.cz\/eshop\/wp-json\/wp\/v2\/product\/23190\/revisions\/25206"}],"wp:featuredmedia":[{"embeddable":true,"href":"https:\/\/eterle.cz\/eshop\/wp-json\/wp\/v2\/media\/23603"}],"wp:attachment":[{"href":"https:\/\/eterle.cz\/eshop\/wp-json\/wp\/v2\/media?parent=23190"}],"wp:term":[{"taxonomy":"product_brand","embeddable":true,"href":"https:\/\/eterle.cz\/eshop\/wp-json\/wp\/v2\/product_brand?post=23190"},{"taxonomy":"product_cat","embeddable":true,"href":"https:\/\/eterle.cz\/eshop\/wp-json\/wp\/v2\/product_cat?post=23190"},{"taxonomy":"product_tag","embeddable":true,"href":"https:\/\/eterle.cz\/eshop\/wp-json\/wp\/v2\/product_tag?post=23190"}],"curies":[{"name":"wp","href":"https:\/\/api.w.org\/{rel}","templated":true}]}}