{"id":23221,"date":"2025-02-04T21:18:26","date_gmt":"2025-02-04T20:18:26","guid":{"rendered":"https:\/\/eterle.cz\/eshop\/produkt\/funkcionalisticky-gauc-ii\/"},"modified":"2025-06-24T01:57:36","modified_gmt":"2025-06-23T23:57:36","slug":"funkcionalisticky-gauc-ii","status":"publish","type":"product","link":"https:\/\/eterle.cz\/eshop\/produkt\/funkcionalisticky-gauc-ii\/","title":{"rendered":"Funkcionalistick\u00fd gau\u010d II"},"content":{"rendered":"<p>Chromov\u00fd gau\u010d z \u017e\u00e1dan\u00e9ho funkcionalistick\u00e9ho obdob\u00ed v kombinaci chromov\u00e9 konstrukce a d\u0159ev\u011bn\u00fdch v\u00fdpln\u00ed v temn\u011b hn\u011bd\u00e9 barv\u011b. Osobit\u00fd vzhled mu dod\u00e1te v\u00fdb\u011brem vlastn\u00edho \u010dalounen\u00ed dle stylu va\u0161eho interi\u00e9ru.<\/p>\n<p>Stav: chrom st\u0159\u00edkan\u00fd, d\u0159evot\u0159\u00edska m\u00edsty od\u0159en\u00e1 (viz foto)<br \/>\nRozm\u011br<br \/>\nV\u00fd\u0161ka: 63 cm<br \/>\nHloubka: 80 cm<br \/>\nD\u00e9lka: 191, vnit\u0159n\u00ed d\u00e9lka 186 cm<\/p>\n<p>&nbsp;<\/p>\n","protected":false},"excerpt":{"rendered":"<p>Chromov\u00fd gau\u010d z \u017e\u00e1dan\u00e9ho funkcionalistick\u00e9ho obdob\u00ed v kombinaci chromov\u00e9 konstrukce a d\u0159ev\u011bn\u00fdch v\u00fdpln\u00ed v temn\u011b hn\u011bd\u00e9 barv\u011b. Osobit\u00fd vzhled mu<\/p>\n","protected":false},"featured_media":23222,"template":"","meta":[],"product_brand":[153],"product_cat":[130,123],"product_tag":[],"class_list":{"0":"post-23221","1":"product","2":"type-product","3":"status-publish","4":"has-post-thumbnail","6":"product_brand-eterle-cz","7":"product_cat-nabytek","8":"product_cat-sofa","9":"product_shipping_class-nadrozmerne","11":"first","12":"instock","13":"featured","14":"purchasable","15":"product-type-simple"},"_links":{"self":[{"href":"https:\/\/eterle.cz\/eshop\/wp-json\/wp\/v2\/product\/23221","targetHints":{"allow":["GET"]}}],"collection":[{"href":"https:\/\/eterle.cz\/eshop\/wp-json\/wp\/v2\/product"}],"about":[{"href":"https:\/\/eterle.cz\/eshop\/wp-json\/wp\/v2\/types\/product"}],"version-history":[{"count":1,"href":"https:\/\/eterle.cz\/eshop\/wp-json\/wp\/v2\/product\/23221\/revisions"}],"predecessor-version":[{"id":25204,"href":"https:\/\/eterle.cz\/eshop\/wp-json\/wp\/v2\/product\/23221\/revisions\/25204"}],"wp:featuredmedia":[{"embeddable":true,"href":"https:\/\/eterle.cz\/eshop\/wp-json\/wp\/v2\/media\/23222"}],"wp:attachment":[{"href":"https:\/\/eterle.cz\/eshop\/wp-json\/wp\/v2\/media?parent=23221"}],"wp:term":[{"taxonomy":"product_brand","embeddable":true,"href":"https:\/\/eterle.cz\/eshop\/wp-json\/wp\/v2\/product_brand?post=23221"},{"taxonomy":"product_cat","embeddable":true,"href":"https:\/\/eterle.cz\/eshop\/wp-json\/wp\/v2\/product_cat?post=23221"},{"taxonomy":"product_tag","embeddable":true,"href":"https:\/\/eterle.cz\/eshop\/wp-json\/wp\/v2\/product_tag?post=23221"}],"curies":[{"name":"wp","href":"https:\/\/api.w.org\/{rel}","templated":true}]}}