{"id":23235,"date":"2025-02-04T21:18:46","date_gmt":"2025-02-04T20:18:46","guid":{"rendered":"https:\/\/eterle.cz\/eshop\/produkt\/konferencni-stolek-interier-praha\/"},"modified":"2025-12-16T22:59:41","modified_gmt":"2025-12-16T21:59:41","slug":"konferencni-stolek-interier-praha","status":"publish","type":"product","link":"https:\/\/eterle.cz\/eshop\/produkt\/konferencni-stolek-interier-praha\/","title":{"rendered":"Konferen\u010dn\u00ed stolek \/ Interi\u00e9r Praha"},"content":{"rendered":"<p>Konferen\u010dn\u00ed stolek z 60. let 20. stolet\u00ed, kter\u00fd je posledn\u00ed dobou velmi obl\u00edben\u00fd a st\u00e1le stoup\u00e1 na cen\u011b. Byl vyroben\u00fd v podniku Interier Praha podle n\u00e1vrhu Ji\u0159\u00edho Jiroutka a d\u011blal se ve dvou variant\u00e1ch &#8211; s b\u00edlou nebo \u010dernou sklen\u011bnou opaxitovou deskou. Podno\u017e\u00ed stolu je z masivn\u00edho bukov\u00e9ho d\u0159eva. Sklen\u011bn\u00e1 deska je vyj\u00edmateln\u00e1, tak\u017ee opatrn\u011b p\u0159i manipulaci, a\u0165 v\u00e1m nevypadne.<\/p>\n<p>Stav: dobr\u00fd zachoval\u00fd, nohy dole trochu od vody, sklo na hran\u011b lehce \u0161t\u00edpl\u00e9<br \/>\nZna\u010dka: Interi\u00e9r Praha<br \/>\nRozm\u011br<br \/>\nV\u00fd\u0161ka: 57 cm<br \/>\nD\u00e9lka: 88 cm<br \/>\nHloubka: 50 cm<\/p>\n<p>&nbsp;<\/p>\n","protected":false},"excerpt":{"rendered":"<p>Konferen\u010dn\u00ed stolek z 60. let 20. stolet\u00ed, kter\u00fd je posledn\u00ed dobou velmi obl\u00edben\u00fd a st\u00e1le stoup\u00e1 na cen\u011b. Byl vyroben\u00fd<\/p>\n","protected":false},"featured_media":23236,"template":"","meta":[],"product_brand":[153],"product_cat":[91],"product_tag":[],"class_list":{"0":"post-23235","1":"product","2":"type-product","3":"status-publish","4":"has-post-thumbnail","6":"product_brand-eterle-cz","7":"product_cat-prodane","8":"product_shipping_class-nadrozmerne","10":"first","11":"outofstock","12":"purchasable","13":"product-type-simple"},"_links":{"self":[{"href":"https:\/\/eterle.cz\/eshop\/wp-json\/wp\/v2\/product\/23235","targetHints":{"allow":["GET"]}}],"collection":[{"href":"https:\/\/eterle.cz\/eshop\/wp-json\/wp\/v2\/product"}],"about":[{"href":"https:\/\/eterle.cz\/eshop\/wp-json\/wp\/v2\/types\/product"}],"version-history":[{"count":1,"href":"https:\/\/eterle.cz\/eshop\/wp-json\/wp\/v2\/product\/23235\/revisions"}],"predecessor-version":[{"id":25203,"href":"https:\/\/eterle.cz\/eshop\/wp-json\/wp\/v2\/product\/23235\/revisions\/25203"}],"wp:featuredmedia":[{"embeddable":true,"href":"https:\/\/eterle.cz\/eshop\/wp-json\/wp\/v2\/media\/23236"}],"wp:attachment":[{"href":"https:\/\/eterle.cz\/eshop\/wp-json\/wp\/v2\/media?parent=23235"}],"wp:term":[{"taxonomy":"product_brand","embeddable":true,"href":"https:\/\/eterle.cz\/eshop\/wp-json\/wp\/v2\/product_brand?post=23235"},{"taxonomy":"product_cat","embeddable":true,"href":"https:\/\/eterle.cz\/eshop\/wp-json\/wp\/v2\/product_cat?post=23235"},{"taxonomy":"product_tag","embeddable":true,"href":"https:\/\/eterle.cz\/eshop\/wp-json\/wp\/v2\/product_tag?post=23235"}],"curies":[{"name":"wp","href":"https:\/\/api.w.org\/{rel}","templated":true}]}}