{"id":23245,"date":"2025-02-04T21:19:02","date_gmt":"2025-02-04T20:19:02","guid":{"rendered":"https:\/\/eterle.cz\/eshop\/produkt\/skrinka-i-up-zavody-bucovice\/"},"modified":"2025-03-30T22:33:35","modified_gmt":"2025-03-30T20:33:35","slug":"skrinka-i-up-zavody-bucovice","status":"publish","type":"product","link":"https:\/\/eterle.cz\/eshop\/produkt\/skrinka-i-up-zavody-bucovice\/","title":{"rendered":"Sk\u0159\u00ed\u0148ka I \/ UP z\u00e1vody Bu\u010dovice"},"content":{"rendered":"<p>Praktick\u00e1 sk\u0159\u00ed\u0148ka se zaj\u00edmav\u00fdm detailem \u010derno-b\u00edl\u00fdch \u0161upl\u00edk\u016f s elegantn\u00edm \u00fachytem. K dispozici je\u0161t\u011b sk\u0159\u00ed\u0148ka ze stejn\u00e9 s\u00e9rie s \u0161oupac\u00edmi sklen\u011bn\u00fdmi dv\u00ed\u0159ky.<\/p>\n<p>Stav: po renovaci<br \/>\nZna\u010dka: UP z\u00e1vody Bu\u010dovice<br \/>\nRozm\u011br<br \/>\nV\u00fd\u0161ka: 78 cm<br \/>\n\u0160\u00ed\u0159ka: 80 cm<br \/>\nHloubka: 36 cm<\/p>\n<p>&nbsp;<\/p>\n","protected":false},"excerpt":{"rendered":"<p>Praktick\u00e1 sk\u0159\u00ed\u0148ka se zaj\u00edmav\u00fdm detailem \u010derno-b\u00edl\u00fdch \u0161upl\u00edk\u016f s elegantn\u00edm \u00fachytem. K dispozici je\u0161t\u011b sk\u0159\u00ed\u0148ka ze stejn\u00e9 s\u00e9rie s \u0161oupac\u00edmi sklen\u011bn\u00fdmi<\/p>\n","protected":false},"featured_media":23246,"template":"","meta":[],"product_brand":[153],"product_cat":[91],"product_tag":[],"class_list":{"0":"post-23245","1":"product","2":"type-product","3":"status-publish","4":"has-post-thumbnail","6":"product_brand-eterle-cz","7":"product_cat-prodane","8":"product_shipping_class-nadrozmerne","10":"first","11":"outofstock","12":"purchasable","13":"product-type-simple"},"_links":{"self":[{"href":"https:\/\/eterle.cz\/eshop\/wp-json\/wp\/v2\/product\/23245","targetHints":{"allow":["GET"]}}],"collection":[{"href":"https:\/\/eterle.cz\/eshop\/wp-json\/wp\/v2\/product"}],"about":[{"href":"https:\/\/eterle.cz\/eshop\/wp-json\/wp\/v2\/types\/product"}],"version-history":[{"count":0,"href":"https:\/\/eterle.cz\/eshop\/wp-json\/wp\/v2\/product\/23245\/revisions"}],"wp:featuredmedia":[{"embeddable":true,"href":"https:\/\/eterle.cz\/eshop\/wp-json\/wp\/v2\/media\/23246"}],"wp:attachment":[{"href":"https:\/\/eterle.cz\/eshop\/wp-json\/wp\/v2\/media?parent=23245"}],"wp:term":[{"taxonomy":"product_brand","embeddable":true,"href":"https:\/\/eterle.cz\/eshop\/wp-json\/wp\/v2\/product_brand?post=23245"},{"taxonomy":"product_cat","embeddable":true,"href":"https:\/\/eterle.cz\/eshop\/wp-json\/wp\/v2\/product_cat?post=23245"},{"taxonomy":"product_tag","embeddable":true,"href":"https:\/\/eterle.cz\/eshop\/wp-json\/wp\/v2\/product_tag?post=23245"}],"curies":[{"name":"wp","href":"https:\/\/api.w.org\/{rel}","templated":true}]}}