{"id":23301,"date":"2025-02-04T21:20:22","date_gmt":"2025-02-04T20:20:22","guid":{"rendered":"https:\/\/eterle.cz\/eshop\/produkt\/konferencni-stolek-kozelka-a-kropacek-3\/"},"modified":"2025-03-10T21:39:25","modified_gmt":"2025-03-10T20:39:25","slug":"konferencni-stolek-kozelka-a-kropacek-3","status":"publish","type":"product","link":"https:\/\/eterle.cz\/eshop\/produkt\/konferencni-stolek-kozelka-a-kropacek-3\/","title":{"rendered":"Konferen\u010dn\u00ed stolek \/ Ko\u017eelka a Krop\u00e1\u010dek"},"content":{"rendered":"<p>Konferen\u010dn\u00ed stolek ze 40. let byl navr\u017een Karlem Ko\u017eelkou a Anton\u00ednem Krop\u00e1\u010dkem a pat\u0159\u00ed do souboru n\u00e1bytku, kter\u00fd z\u00edskal v roce 1946 st\u0159\u00edbrnou medaili na mil\u00e1nsk\u00e9m Trien\u00e1le, nejstar\u0161\u00ed a nejpresti\u017en\u011bj\u0161\u00ed mezin\u00e1rodn\u00ed p\u0159ehl\u00eddce designu a architektury.<\/p>\n<p>Stav: dobr\u00fd, zachoval\u00fd<br \/>\nZna\u010dka: Ko\u017eelka a Krop\u00e1\u010dek<br \/>\nRozm\u011br<br \/>\nV\u00fd\u0161ka: 60 cm<br \/>\nPr\u016fm\u011br: 74 cm<\/p>\n<p>&nbsp;<\/p>\n","protected":false},"excerpt":{"rendered":"<p>Konferen\u010dn\u00ed stolek ze 40. let byl navr\u017een Karlem Ko\u017eelkou a Anton\u00ednem Krop\u00e1\u010dkem a pat\u0159\u00ed do souboru n\u00e1bytku, kter\u00fd z\u00edskal v<\/p>\n","protected":false},"featured_media":23302,"template":"","meta":[],"product_brand":[153],"product_cat":[91],"product_tag":[],"class_list":{"0":"post-23301","1":"product","2":"type-product","3":"status-publish","4":"has-post-thumbnail","6":"product_brand-eterle-cz","7":"product_cat-prodane","8":"product_shipping_class-nadrozmerne","10":"first","11":"outofstock","12":"purchasable","13":"product-type-simple"},"_links":{"self":[{"href":"https:\/\/eterle.cz\/eshop\/wp-json\/wp\/v2\/product\/23301","targetHints":{"allow":["GET"]}}],"collection":[{"href":"https:\/\/eterle.cz\/eshop\/wp-json\/wp\/v2\/product"}],"about":[{"href":"https:\/\/eterle.cz\/eshop\/wp-json\/wp\/v2\/types\/product"}],"version-history":[{"count":0,"href":"https:\/\/eterle.cz\/eshop\/wp-json\/wp\/v2\/product\/23301\/revisions"}],"wp:featuredmedia":[{"embeddable":true,"href":"https:\/\/eterle.cz\/eshop\/wp-json\/wp\/v2\/media\/23302"}],"wp:attachment":[{"href":"https:\/\/eterle.cz\/eshop\/wp-json\/wp\/v2\/media?parent=23301"}],"wp:term":[{"taxonomy":"product_brand","embeddable":true,"href":"https:\/\/eterle.cz\/eshop\/wp-json\/wp\/v2\/product_brand?post=23301"},{"taxonomy":"product_cat","embeddable":true,"href":"https:\/\/eterle.cz\/eshop\/wp-json\/wp\/v2\/product_cat?post=23301"},{"taxonomy":"product_tag","embeddable":true,"href":"https:\/\/eterle.cz\/eshop\/wp-json\/wp\/v2\/product_tag?post=23301"}],"curies":[{"name":"wp","href":"https:\/\/api.w.org\/{rel}","templated":true}]}}