{"id":23311,"date":"2025-02-04T21:20:38","date_gmt":"2025-02-04T20:20:38","guid":{"rendered":"https:\/\/eterle.cz\/eshop\/produkt\/skleneny-barovy-stul\/"},"modified":"2025-06-24T01:57:35","modified_gmt":"2025-06-23T23:57:35","slug":"skleneny-barovy-stul","status":"publish","type":"product","link":"https:\/\/eterle.cz\/eshop\/produkt\/skleneny-barovy-stul\/","title":{"rendered":"Sklen\u011bn\u00fd barov\u00fd st\u016fl"},"content":{"rendered":"<p>Sklen\u011bn\u00fd v\u00edce\u00farov\u0148ov\u00fd stolek vhodn\u00fd i do galerie \u010di obchodu na v\u00fdstavu zbo\u017e\u00ed.<\/p>\n<p>Stav: dobr\u00fd zachoval\u00fd<br \/>\nRozm\u011br<br \/>\nV\u00fd\u0161ka: 94,5 cm<br \/>\n\u0160\u00ed\u0159ka: 1 m<br \/>\nHloubka: 61 cm<\/p>\n<p>&nbsp;<\/p>\n","protected":false},"excerpt":{"rendered":"<p>Sklen\u011bn\u00fd v\u00edce\u00farov\u0148ov\u00fd stolek vhodn\u00fd i do galerie \u010di obchodu na v\u00fdstavu zbo\u017e\u00ed. Stav: dobr\u00fd zachoval\u00fd Rozm\u011br V\u00fd\u0161ka: 94,5 cm \u0160\u00ed\u0159ka:<\/p>\n","protected":false},"featured_media":23312,"template":"","meta":[],"product_brand":[153],"product_cat":[130,124],"product_tag":[],"class_list":{"0":"post-23311","1":"product","2":"type-product","3":"status-publish","4":"has-post-thumbnail","6":"product_brand-eterle-cz","7":"product_cat-nabytek","8":"product_cat-stoly","9":"product_shipping_class-nadrozmerne","11":"first","12":"instock","13":"purchasable","14":"product-type-simple"},"_links":{"self":[{"href":"https:\/\/eterle.cz\/eshop\/wp-json\/wp\/v2\/product\/23311","targetHints":{"allow":["GET"]}}],"collection":[{"href":"https:\/\/eterle.cz\/eshop\/wp-json\/wp\/v2\/product"}],"about":[{"href":"https:\/\/eterle.cz\/eshop\/wp-json\/wp\/v2\/types\/product"}],"version-history":[{"count":1,"href":"https:\/\/eterle.cz\/eshop\/wp-json\/wp\/v2\/product\/23311\/revisions"}],"predecessor-version":[{"id":25200,"href":"https:\/\/eterle.cz\/eshop\/wp-json\/wp\/v2\/product\/23311\/revisions\/25200"}],"wp:featuredmedia":[{"embeddable":true,"href":"https:\/\/eterle.cz\/eshop\/wp-json\/wp\/v2\/media\/23312"}],"wp:attachment":[{"href":"https:\/\/eterle.cz\/eshop\/wp-json\/wp\/v2\/media?parent=23311"}],"wp:term":[{"taxonomy":"product_brand","embeddable":true,"href":"https:\/\/eterle.cz\/eshop\/wp-json\/wp\/v2\/product_brand?post=23311"},{"taxonomy":"product_cat","embeddable":true,"href":"https:\/\/eterle.cz\/eshop\/wp-json\/wp\/v2\/product_cat?post=23311"},{"taxonomy":"product_tag","embeddable":true,"href":"https:\/\/eterle.cz\/eshop\/wp-json\/wp\/v2\/product_tag?post=23311"}],"curies":[{"name":"wp","href":"https:\/\/api.w.org\/{rel}","templated":true}]}}