{"id":23322,"date":"2025-02-04T21:20:53","date_gmt":"2025-02-04T20:20:53","guid":{"rendered":"https:\/\/eterle.cz\/eshop\/produkt\/funkcionalisticke-postele\/"},"modified":"2025-07-20T01:10:08","modified_gmt":"2025-07-19T23:10:08","slug":"funkcionalisticke-postele","status":"publish","type":"product","link":"https:\/\/eterle.cz\/eshop\/produkt\/funkcionalisticke-postele\/","title":{"rendered":"Funkcionalistick\u00e9 postele"},"content":{"rendered":"<p>Funkcionalistick\u00e9 postele v kombinaci chromov\u00e9 konstrukce a d\u0159ev\u011bn\u00fdch \u010del v medov\u00e9 barv\u011b. D\u00edky kombinaci se d\u0159evem nep\u016fsob\u00ed postel chladn\u00fdm dojmem.<\/p>\n<p>Stav: dobr\u00fd, zachoval\u00fd, m\u00edsty lehk\u00e1 koroze, d\u0159evo patina, na zadn\u00edm \u010dele zezadu \u010dern\u00e9 \u010dmouhy (viz foto)<br \/>\nRozm\u011br<br \/>\nV\u00fd\u0161ka: 77 cm<br \/>\n\u0160\u00ed\u0159ka: 201 cm, vnit\u0159n\u00ed 197<br \/>\nHloubka: 90 cm<\/p>\n<p>&nbsp;<\/p>\n","protected":false},"excerpt":{"rendered":"<p>Funkcionalistick\u00e9 postele v kombinaci chromov\u00e9 konstrukce a d\u0159ev\u011bn\u00fdch \u010del v medov\u00e9 barv\u011b. D\u00edky kombinaci se d\u0159evem nep\u016fsob\u00ed postel chladn\u00fdm dojmem.<\/p>\n","protected":false},"featured_media":23323,"template":"","meta":[],"product_brand":[153],"product_cat":[91],"product_tag":[],"class_list":{"0":"post-23322","1":"product","2":"type-product","3":"status-publish","4":"has-post-thumbnail","6":"product_brand-eterle-cz","7":"product_cat-prodane","8":"product_shipping_class-nadrozmerne","10":"first","11":"outofstock","12":"purchasable","13":"product-type-simple"},"_links":{"self":[{"href":"https:\/\/eterle.cz\/eshop\/wp-json\/wp\/v2\/product\/23322","targetHints":{"allow":["GET"]}}],"collection":[{"href":"https:\/\/eterle.cz\/eshop\/wp-json\/wp\/v2\/product"}],"about":[{"href":"https:\/\/eterle.cz\/eshop\/wp-json\/wp\/v2\/types\/product"}],"version-history":[{"count":1,"href":"https:\/\/eterle.cz\/eshop\/wp-json\/wp\/v2\/product\/23322\/revisions"}],"predecessor-version":[{"id":25199,"href":"https:\/\/eterle.cz\/eshop\/wp-json\/wp\/v2\/product\/23322\/revisions\/25199"}],"wp:featuredmedia":[{"embeddable":true,"href":"https:\/\/eterle.cz\/eshop\/wp-json\/wp\/v2\/media\/23323"}],"wp:attachment":[{"href":"https:\/\/eterle.cz\/eshop\/wp-json\/wp\/v2\/media?parent=23322"}],"wp:term":[{"taxonomy":"product_brand","embeddable":true,"href":"https:\/\/eterle.cz\/eshop\/wp-json\/wp\/v2\/product_brand?post=23322"},{"taxonomy":"product_cat","embeddable":true,"href":"https:\/\/eterle.cz\/eshop\/wp-json\/wp\/v2\/product_cat?post=23322"},{"taxonomy":"product_tag","embeddable":true,"href":"https:\/\/eterle.cz\/eshop\/wp-json\/wp\/v2\/product_tag?post=23322"}],"curies":[{"name":"wp","href":"https:\/\/api.w.org\/{rel}","templated":true}]}}