{"id":23372,"date":"2025-02-04T21:22:08","date_gmt":"2025-02-04T20:22:08","guid":{"rendered":"https:\/\/eterle.cz\/eshop\/produkt\/valenda\/"},"modified":"2025-06-24T01:57:35","modified_gmt":"2025-06-23T23:57:35","slug":"valenda","status":"publish","type":"product","link":"https:\/\/eterle.cz\/eshop\/produkt\/valenda\/","title":{"rendered":"V\u00e1lenda"},"content":{"rendered":"<p>Jednoduch\u00e1 v\u00e1lenda z 80. let minul\u00e9ho stolet\u00ed.<\/p>\n<p>Stav: dobr\u00fd p\u016fvodn\u00ed, lehk\u00e1 patina<br \/>\nRozm\u011br<br \/>\nV\u00fd\u0161ka: 39 cm<br \/>\n\u0160\u00ed\u0159ka: 80 cm<br \/>\nHloubka: 2 m<\/p>\n<p>&nbsp;<\/p>\n","protected":false},"excerpt":{"rendered":"<p>Jednoduch\u00e1 v\u00e1lenda z 80. let minul\u00e9ho stolet\u00ed. Stav: dobr\u00fd p\u016fvodn\u00ed, lehk\u00e1 patina Rozm\u011br V\u00fd\u0161ka: 39 cm \u0160\u00ed\u0159ka: 80 cm Hloubka:<\/p>\n","protected":false},"featured_media":23373,"template":"","meta":[],"product_brand":[153],"product_cat":[130,139,123],"product_tag":[],"class_list":{"0":"post-23372","1":"product","2":"type-product","3":"status-publish","4":"has-post-thumbnail","6":"product_brand-eterle-cz","7":"product_cat-nabytek","8":"product_cat-postele-a-loznice","9":"product_cat-sofa","10":"product_shipping_class-nadrozmerne","12":"first","13":"instock","14":"purchasable","15":"product-type-simple"},"_links":{"self":[{"href":"https:\/\/eterle.cz\/eshop\/wp-json\/wp\/v2\/product\/23372","targetHints":{"allow":["GET"]}}],"collection":[{"href":"https:\/\/eterle.cz\/eshop\/wp-json\/wp\/v2\/product"}],"about":[{"href":"https:\/\/eterle.cz\/eshop\/wp-json\/wp\/v2\/types\/product"}],"version-history":[{"count":1,"href":"https:\/\/eterle.cz\/eshop\/wp-json\/wp\/v2\/product\/23372\/revisions"}],"predecessor-version":[{"id":25236,"href":"https:\/\/eterle.cz\/eshop\/wp-json\/wp\/v2\/product\/23372\/revisions\/25236"}],"wp:featuredmedia":[{"embeddable":true,"href":"https:\/\/eterle.cz\/eshop\/wp-json\/wp\/v2\/media\/23373"}],"wp:attachment":[{"href":"https:\/\/eterle.cz\/eshop\/wp-json\/wp\/v2\/media?parent=23372"}],"wp:term":[{"taxonomy":"product_brand","embeddable":true,"href":"https:\/\/eterle.cz\/eshop\/wp-json\/wp\/v2\/product_brand?post=23372"},{"taxonomy":"product_cat","embeddable":true,"href":"https:\/\/eterle.cz\/eshop\/wp-json\/wp\/v2\/product_cat?post=23372"},{"taxonomy":"product_tag","embeddable":true,"href":"https:\/\/eterle.cz\/eshop\/wp-json\/wp\/v2\/product_tag?post=23372"}],"curies":[{"name":"wp","href":"https:\/\/api.w.org\/{rel}","templated":true}]}}