{"id":23380,"date":"2025-02-04T21:22:19","date_gmt":"2025-02-04T20:22:19","guid":{"rendered":"https:\/\/eterle.cz\/eshop\/produkt\/rozkladaci-gauc\/"},"modified":"2025-10-06T22:50:45","modified_gmt":"2025-10-06T20:50:45","slug":"rozkladaci-gauc","status":"publish","type":"product","link":"https:\/\/eterle.cz\/eshop\/produkt\/rozkladaci-gauc\/","title":{"rendered":"Rozkl\u00e1dac\u00ed gau\u010d"},"content":{"rendered":"<p>Rozkl\u00e1dac\u00ed gau\u010d z 30. let minul\u00e9ho stolet\u00ed p\u0159e\u010daloun\u011bno z\u0159ejme v 80. letech.<\/p>\n<p>Stav: p\u016fvodn\u00ed zachoval\u00fd, spodn\u00ed li\u0161ta patina<br \/>\nZna\u010dka: UP z\u00e1vody Bu\u010dovice<br \/>\nRozm\u011br<br \/>\nV\u00fd\u0161ka: 86 cm (v\u010detn\u011b matrace)<br \/>\n\u0160\u00ed\u0159ka: 95 cm (rozlo\u017een\u00fd 139)<br \/>\nD\u00e9lka: 193 cm<\/p>\n<p>&nbsp;<\/p>\n","protected":false},"excerpt":{"rendered":"<p>Rozkl\u00e1dac\u00ed gau\u010d z 30. let minul\u00e9ho stolet\u00ed p\u0159e\u010daloun\u011bno z\u0159ejme v 80. letech. Stav: p\u016fvodn\u00ed zachoval\u00fd, spodn\u00ed li\u0161ta patina Zna\u010dka: UP<\/p>\n","protected":false},"featured_media":23381,"template":"","meta":[],"product_brand":[153],"product_cat":[91],"product_tag":[],"class_list":{"0":"post-23380","1":"product","2":"type-product","3":"status-publish","4":"has-post-thumbnail","6":"product_brand-eterle-cz","7":"product_cat-prodane","8":"product_shipping_class-nadrozmerne","10":"first","11":"outofstock","12":"purchasable","13":"product-type-simple"},"_links":{"self":[{"href":"https:\/\/eterle.cz\/eshop\/wp-json\/wp\/v2\/product\/23380","targetHints":{"allow":["GET"]}}],"collection":[{"href":"https:\/\/eterle.cz\/eshop\/wp-json\/wp\/v2\/product"}],"about":[{"href":"https:\/\/eterle.cz\/eshop\/wp-json\/wp\/v2\/types\/product"}],"version-history":[{"count":1,"href":"https:\/\/eterle.cz\/eshop\/wp-json\/wp\/v2\/product\/23380\/revisions"}],"predecessor-version":[{"id":25235,"href":"https:\/\/eterle.cz\/eshop\/wp-json\/wp\/v2\/product\/23380\/revisions\/25235"}],"wp:featuredmedia":[{"embeddable":true,"href":"https:\/\/eterle.cz\/eshop\/wp-json\/wp\/v2\/media\/23381"}],"wp:attachment":[{"href":"https:\/\/eterle.cz\/eshop\/wp-json\/wp\/v2\/media?parent=23380"}],"wp:term":[{"taxonomy":"product_brand","embeddable":true,"href":"https:\/\/eterle.cz\/eshop\/wp-json\/wp\/v2\/product_brand?post=23380"},{"taxonomy":"product_cat","embeddable":true,"href":"https:\/\/eterle.cz\/eshop\/wp-json\/wp\/v2\/product_cat?post=23380"},{"taxonomy":"product_tag","embeddable":true,"href":"https:\/\/eterle.cz\/eshop\/wp-json\/wp\/v2\/product_tag?post=23380"}],"curies":[{"name":"wp","href":"https:\/\/api.w.org\/{rel}","templated":true}]}}