{"id":23454,"date":"2025-02-04T21:24:16","date_gmt":"2025-02-04T20:24:16","guid":{"rendered":"https:\/\/eterle.cz\/eshop\/produkt\/rozkladaci-gauc-interier-praha\/"},"modified":"2025-04-02T19:24:44","modified_gmt":"2025-04-02T17:24:44","slug":"rozkladaci-gauc-interier-praha","status":"publish","type":"product","link":"https:\/\/eterle.cz\/eshop\/produkt\/rozkladaci-gauc-interier-praha\/","title":{"rendered":"Rozkl\u00e1dac\u00ed gau\u010d \/ Interi\u00e9r Praha"},"content":{"rendered":"<p>Praktick\u00fd rozkl\u00e1dc\u00ed gau\u010d z Interi\u00e9ru Praha, co\u017e byl \u010desk\u00fd n\u00e1rodn\u00ed podnik, kter\u00fd byl zalo\u017een v roce 1950 a existoval do roku 2004, kdy skon\u010dil v likvidaci. Podnik se zab\u00fdval p\u0159edev\u0161\u00edm v\u00fdrobou sektorov\u00e9ho n\u00e1bytku pro dom\u00e1cnosti a kancel\u00e1\u0159e.<\/p>\n<p>Stav: dobr\u00fd p\u016fvodn\u00ed<br \/>\nZna\u010dka: Interi\u00e9r Praha<br \/>\nRozm\u011br<br \/>\nV\u00fd\u0161ka: 86 cm<br \/>\n\u0160\u00ed\u0159ka: 87 cm, \u0161\u00ed\u0159ka rozlo\u017een\u00fd 124 cm<br \/>\nD\u00e9lka: 194,5 cm<\/p>\n<p>&nbsp;<\/p>\n","protected":false},"excerpt":{"rendered":"<p>Praktick\u00fd rozkl\u00e1dc\u00ed gau\u010d z Interi\u00e9ru Praha, co\u017e byl \u010desk\u00fd n\u00e1rodn\u00ed podnik, kter\u00fd byl zalo\u017een v roce 1950 a existoval do<\/p>\n","protected":false},"featured_media":23455,"template":"","meta":[],"product_brand":[153],"product_cat":[91],"product_tag":[],"class_list":{"0":"post-23454","1":"product","2":"type-product","3":"status-publish","4":"has-post-thumbnail","6":"product_brand-eterle-cz","7":"product_cat-prodane","8":"product_shipping_class-nadrozmerne","10":"first","11":"outofstock","12":"purchasable","13":"product-type-simple"},"_links":{"self":[{"href":"https:\/\/eterle.cz\/eshop\/wp-json\/wp\/v2\/product\/23454","targetHints":{"allow":["GET"]}}],"collection":[{"href":"https:\/\/eterle.cz\/eshop\/wp-json\/wp\/v2\/product"}],"about":[{"href":"https:\/\/eterle.cz\/eshop\/wp-json\/wp\/v2\/types\/product"}],"version-history":[{"count":0,"href":"https:\/\/eterle.cz\/eshop\/wp-json\/wp\/v2\/product\/23454\/revisions"}],"wp:featuredmedia":[{"embeddable":true,"href":"https:\/\/eterle.cz\/eshop\/wp-json\/wp\/v2\/media\/23455"}],"wp:attachment":[{"href":"https:\/\/eterle.cz\/eshop\/wp-json\/wp\/v2\/media?parent=23454"}],"wp:term":[{"taxonomy":"product_brand","embeddable":true,"href":"https:\/\/eterle.cz\/eshop\/wp-json\/wp\/v2\/product_brand?post=23454"},{"taxonomy":"product_cat","embeddable":true,"href":"https:\/\/eterle.cz\/eshop\/wp-json\/wp\/v2\/product_cat?post=23454"},{"taxonomy":"product_tag","embeddable":true,"href":"https:\/\/eterle.cz\/eshop\/wp-json\/wp\/v2\/product_tag?post=23454"}],"curies":[{"name":"wp","href":"https:\/\/api.w.org\/{rel}","templated":true}]}}