{"id":23482,"date":"2025-02-04T21:24:59","date_gmt":"2025-02-04T20:24:59","guid":{"rendered":"https:\/\/eterle.cz\/eshop\/produkt\/perinak\/"},"modified":"2025-06-24T01:57:32","modified_gmt":"2025-06-23T23:57:32","slug":"perinak","status":"publish","type":"product","link":"https:\/\/eterle.cz\/eshop\/produkt\/perinak\/","title":{"rendered":"Pe\u0159i\u0148\u00e1k"},"content":{"rendered":"<p>Mal\u00fd pe\u0159i\u0148\u00e1k do men\u0161\u00edch prostor nebo na chalupu vhodn\u00fd nejen na pe\u0159iny, ale i na hra\u010dky pro d\u011bti nebo lze p\u0159ed\u011blat na bar.<\/p>\n<p>Stav: zachoval\u00fd p\u016fvodn\u00ed, deska patina s fleky od vody<br \/>\nRozm\u011br<br \/>\nV\u00fd\u0161ka: 76,5 cm<br \/>\n\u0160\u00ed\u0159ka: 109 cm<br \/>\nHloubka: 46 cm<\/p>\n<p>&nbsp;<\/p>\n","protected":false},"excerpt":{"rendered":"<p>Mal\u00fd pe\u0159i\u0148\u00e1k do men\u0161\u00edch prostor nebo na chalupu vhodn\u00fd nejen na pe\u0159iny, ale i na hra\u010dky pro d\u011bti nebo lze<\/p>\n","protected":false},"featured_media":23483,"template":"","meta":[],"product_brand":[153],"product_cat":[130,125],"product_tag":[],"class_list":{"0":"post-23482","1":"product","2":"type-product","3":"status-publish","4":"has-post-thumbnail","6":"product_brand-eterle-cz","7":"product_cat-nabytek","8":"product_cat-komody-a-skrine","9":"product_shipping_class-nadrozmerne","11":"first","12":"instock","13":"purchasable","14":"product-type-simple"},"_links":{"self":[{"href":"https:\/\/eterle.cz\/eshop\/wp-json\/wp\/v2\/product\/23482","targetHints":{"allow":["GET"]}}],"collection":[{"href":"https:\/\/eterle.cz\/eshop\/wp-json\/wp\/v2\/product"}],"about":[{"href":"https:\/\/eterle.cz\/eshop\/wp-json\/wp\/v2\/types\/product"}],"version-history":[{"count":1,"href":"https:\/\/eterle.cz\/eshop\/wp-json\/wp\/v2\/product\/23482\/revisions"}],"predecessor-version":[{"id":25227,"href":"https:\/\/eterle.cz\/eshop\/wp-json\/wp\/v2\/product\/23482\/revisions\/25227"}],"wp:featuredmedia":[{"embeddable":true,"href":"https:\/\/eterle.cz\/eshop\/wp-json\/wp\/v2\/media\/23483"}],"wp:attachment":[{"href":"https:\/\/eterle.cz\/eshop\/wp-json\/wp\/v2\/media?parent=23482"}],"wp:term":[{"taxonomy":"product_brand","embeddable":true,"href":"https:\/\/eterle.cz\/eshop\/wp-json\/wp\/v2\/product_brand?post=23482"},{"taxonomy":"product_cat","embeddable":true,"href":"https:\/\/eterle.cz\/eshop\/wp-json\/wp\/v2\/product_cat?post=23482"},{"taxonomy":"product_tag","embeddable":true,"href":"https:\/\/eterle.cz\/eshop\/wp-json\/wp\/v2\/product_tag?post=23482"}],"curies":[{"name":"wp","href":"https:\/\/api.w.org\/{rel}","templated":true}]}}