{"id":23506,"date":"2025-02-04T21:25:40","date_gmt":"2025-02-04T20:25:40","guid":{"rendered":"https:\/\/eterle.cz\/eshop\/produkt\/vesakova-stena-3\/"},"modified":"2025-07-04T15:30:12","modified_gmt":"2025-07-04T13:30:12","slug":"vesakova-stena-3","status":"publish","type":"product","link":"https:\/\/eterle.cz\/eshop\/produkt\/vesakova-stena-3\/","title":{"rendered":"V\u011b\u0161\u00e1kov\u00e1 st\u011bna"},"content":{"rendered":"<p>Retro v\u011b\u0161\u00e1kov\u00e1 st\u011bna, kter\u00e1 ochr\u00e1n\u00ed kab\u00e1ty a bundy proti umaz\u00e1n\u00ed od zdi. Zrcadlo na posledn\u00ed kontrolu p\u0159ed odchodem z domu.<\/p>\n<p>Stav: zachoval\u00fd p\u016fvodn\u00ed stav, poli\u010dka s patinou<br \/>\nRozm\u011br<br \/>\nV\u00fd\u0161ka: 180 cm<br \/>\n\u0160\u00ed\u0159ka: 115,5 cm<br \/>\nHloubka: 14 cm<\/p>\n<p>&nbsp;<\/p>\n","protected":false},"excerpt":{"rendered":"<p>Retro v\u011b\u0161\u00e1kov\u00e1 st\u011bna, kter\u00e1 ochr\u00e1n\u00ed kab\u00e1ty a bundy proti umaz\u00e1n\u00ed od zdi. Zrcadlo na posledn\u00ed kontrolu p\u0159ed odchodem z domu.<\/p>\n","protected":false},"featured_media":23507,"template":"","meta":[],"product_brand":[153],"product_cat":[130,125],"product_tag":[],"class_list":{"0":"post-23506","1":"product","2":"type-product","3":"status-publish","4":"has-post-thumbnail","6":"product_brand-eterle-cz","7":"product_cat-nabytek","8":"product_cat-komody-a-skrine","9":"product_shipping_class-nadrozmerne","11":"first","12":"instock","13":"purchasable","14":"product-type-simple"},"_links":{"self":[{"href":"https:\/\/eterle.cz\/eshop\/wp-json\/wp\/v2\/product\/23506","targetHints":{"allow":["GET"]}}],"collection":[{"href":"https:\/\/eterle.cz\/eshop\/wp-json\/wp\/v2\/product"}],"about":[{"href":"https:\/\/eterle.cz\/eshop\/wp-json\/wp\/v2\/types\/product"}],"version-history":[{"count":1,"href":"https:\/\/eterle.cz\/eshop\/wp-json\/wp\/v2\/product\/23506\/revisions"}],"predecessor-version":[{"id":25225,"href":"https:\/\/eterle.cz\/eshop\/wp-json\/wp\/v2\/product\/23506\/revisions\/25225"}],"wp:featuredmedia":[{"embeddable":true,"href":"https:\/\/eterle.cz\/eshop\/wp-json\/wp\/v2\/media\/23507"}],"wp:attachment":[{"href":"https:\/\/eterle.cz\/eshop\/wp-json\/wp\/v2\/media?parent=23506"}],"wp:term":[{"taxonomy":"product_brand","embeddable":true,"href":"https:\/\/eterle.cz\/eshop\/wp-json\/wp\/v2\/product_brand?post=23506"},{"taxonomy":"product_cat","embeddable":true,"href":"https:\/\/eterle.cz\/eshop\/wp-json\/wp\/v2\/product_cat?post=23506"},{"taxonomy":"product_tag","embeddable":true,"href":"https:\/\/eterle.cz\/eshop\/wp-json\/wp\/v2\/product_tag?post=23506"}],"curies":[{"name":"wp","href":"https:\/\/api.w.org\/{rel}","templated":true}]}}