{"id":23515,"date":"2025-02-04T21:25:53","date_gmt":"2025-02-04T20:25:53","guid":{"rendered":"https:\/\/eterle.cz\/eshop\/produkt\/rozkladaci-jidelni-stul-interier-praha\/"},"modified":"2025-05-23T20:41:12","modified_gmt":"2025-05-23T18:41:12","slug":"rozkladaci-jidelni-stul-interier-praha","status":"publish","type":"product","link":"https:\/\/eterle.cz\/eshop\/produkt\/rozkladaci-jidelni-stul-interier-praha\/","title":{"rendered":"Rozkl\u00e1dac\u00ed j\u00eddeln\u00ed st\u016fl \/ Interi\u00e9r Praha"},"content":{"rendered":"<p>Rozkl\u00e1dac\u00ed j\u00eddeln\u00ed st\u016fl  Interi\u00e9r Praha. Ide\u00e1ln\u00ed do men\u0161\u00edch prostor\u016f nebo\u0165 slo\u017een\u00fd m\u00e1 p\u0159\u00edjemn\u00fd \u010dtvercov\u00fd tvar, rolo\u017een\u00fd ov\u0161em pojme i posezen\u00ed s hosty.<\/p>\n<p>Stav: zachoval\u00fd p\u016fvodn\u00ed stav, na jednom kraji desky od\u0161t\u00edpnut\u00e1 d\u00fdha<br \/>\nZna\u010dka: Interi\u00e9r Praha<br \/>\nRozm\u011br<br \/>\nV\u00fd\u0161ka: 77 cm<br \/>\nDeska: 155&#215;85 rozlo\u017een\u00fd, 85&#215;85 slo\u017een\u00fd<\/p>\n<p>&nbsp;<\/p>\n","protected":false},"excerpt":{"rendered":"<p>Rozkl\u00e1dac\u00ed j\u00eddeln\u00ed st\u016fl Interi\u00e9r Praha. Ide\u00e1ln\u00ed do men\u0161\u00edch prostor\u016f nebo\u0165 slo\u017een\u00fd m\u00e1 p\u0159\u00edjemn\u00fd \u010dtvercov\u00fd tvar, rolo\u017een\u00fd ov\u0161em pojme i posezen\u00ed<\/p>\n","protected":false},"featured_media":23516,"template":"","meta":[],"product_brand":[153],"product_cat":[91],"product_tag":[],"class_list":{"0":"post-23515","1":"product","2":"type-product","3":"status-publish","4":"has-post-thumbnail","6":"product_brand-eterle-cz","7":"product_cat-prodane","8":"product_shipping_class-nadrozmerne","10":"first","11":"outofstock","12":"purchasable","13":"product-type-simple"},"_links":{"self":[{"href":"https:\/\/eterle.cz\/eshop\/wp-json\/wp\/v2\/product\/23515","targetHints":{"allow":["GET"]}}],"collection":[{"href":"https:\/\/eterle.cz\/eshop\/wp-json\/wp\/v2\/product"}],"about":[{"href":"https:\/\/eterle.cz\/eshop\/wp-json\/wp\/v2\/types\/product"}],"version-history":[{"count":1,"href":"https:\/\/eterle.cz\/eshop\/wp-json\/wp\/v2\/product\/23515\/revisions"}],"predecessor-version":[{"id":24580,"href":"https:\/\/eterle.cz\/eshop\/wp-json\/wp\/v2\/product\/23515\/revisions\/24580"}],"wp:featuredmedia":[{"embeddable":true,"href":"https:\/\/eterle.cz\/eshop\/wp-json\/wp\/v2\/media\/23516"}],"wp:attachment":[{"href":"https:\/\/eterle.cz\/eshop\/wp-json\/wp\/v2\/media?parent=23515"}],"wp:term":[{"taxonomy":"product_brand","embeddable":true,"href":"https:\/\/eterle.cz\/eshop\/wp-json\/wp\/v2\/product_brand?post=23515"},{"taxonomy":"product_cat","embeddable":true,"href":"https:\/\/eterle.cz\/eshop\/wp-json\/wp\/v2\/product_cat?post=23515"},{"taxonomy":"product_tag","embeddable":true,"href":"https:\/\/eterle.cz\/eshop\/wp-json\/wp\/v2\/product_tag?post=23515"}],"curies":[{"name":"wp","href":"https:\/\/api.w.org\/{rel}","templated":true}]}}