{"id":23574,"date":"2025-02-04T21:27:24","date_gmt":"2025-02-04T20:27:24","guid":{"rendered":"https:\/\/eterle.cz\/eshop\/produkt\/funkcionalisticky-vesak-3\/"},"modified":"2025-03-31T17:39:18","modified_gmt":"2025-03-31T15:39:18","slug":"funkcionalisticky-vesak-3","status":"publish","type":"product","link":"https:\/\/eterle.cz\/eshop\/produkt\/funkcionalisticky-vesak-3\/","title":{"rendered":"Funkcionalistick\u00fd v\u011b\u0161\u00e1k"},"content":{"rendered":"<p>Funkcionalistick\u00fd n\u00e1st\u011bnn\u00fd chromov\u00fd trubkov\u00fd v\u011b\u0161\u00e1k. Tolik p\u0159\u00eddavn\u00fdch jmen pro jeden p\u0159edm\u011bt&#8230;Vystihuj\u00ed ale v\u0161e, snad jen chyb\u00ed dodat &#8222;kr\u00e1sn\u00fd&#8220;.<\/p>\n<p>Rozm\u011br<br \/>\nV\u00fd\u0161ka: 19 cm<br \/>\nD\u00e9lka: 87 cm<br \/>\nHloubka: 35 cm<\/p>\n<p>&nbsp;<\/p>\n","protected":false},"excerpt":{"rendered":"<p>Funkcionalistick\u00fd n\u00e1st\u011bnn\u00fd chromov\u00fd trubkov\u00fd v\u011b\u0161\u00e1k. Tolik p\u0159\u00eddavn\u00fdch jmen pro jeden p\u0159edm\u011bt&#8230;Vystihuj\u00ed ale v\u0161e, snad jen chyb\u00ed dodat &#8222;kr\u00e1sn\u00fd&#8220;. Rozm\u011br V\u00fd\u0161ka:<\/p>\n","protected":false},"featured_media":23575,"template":"","meta":[],"product_brand":[153],"product_cat":[91],"product_tag":[],"class_list":{"0":"post-23574","1":"product","2":"type-product","3":"status-publish","4":"has-post-thumbnail","6":"product_brand-eterle-cz","7":"product_cat-prodane","8":"product_shipping_class-nadrozmerne","10":"first","11":"outofstock","12":"purchasable","13":"product-type-simple"},"_links":{"self":[{"href":"https:\/\/eterle.cz\/eshop\/wp-json\/wp\/v2\/product\/23574","targetHints":{"allow":["GET"]}}],"collection":[{"href":"https:\/\/eterle.cz\/eshop\/wp-json\/wp\/v2\/product"}],"about":[{"href":"https:\/\/eterle.cz\/eshop\/wp-json\/wp\/v2\/types\/product"}],"version-history":[{"count":0,"href":"https:\/\/eterle.cz\/eshop\/wp-json\/wp\/v2\/product\/23574\/revisions"}],"wp:featuredmedia":[{"embeddable":true,"href":"https:\/\/eterle.cz\/eshop\/wp-json\/wp\/v2\/media\/23575"}],"wp:attachment":[{"href":"https:\/\/eterle.cz\/eshop\/wp-json\/wp\/v2\/media?parent=23574"}],"wp:term":[{"taxonomy":"product_brand","embeddable":true,"href":"https:\/\/eterle.cz\/eshop\/wp-json\/wp\/v2\/product_brand?post=23574"},{"taxonomy":"product_cat","embeddable":true,"href":"https:\/\/eterle.cz\/eshop\/wp-json\/wp\/v2\/product_cat?post=23574"},{"taxonomy":"product_tag","embeddable":true,"href":"https:\/\/eterle.cz\/eshop\/wp-json\/wp\/v2\/product_tag?post=23574"}],"curies":[{"name":"wp","href":"https:\/\/api.w.org\/{rel}","templated":true}]}}