{"id":23584,"date":"2025-02-04T21:27:39","date_gmt":"2025-02-04T20:27:39","guid":{"rendered":"https:\/\/eterle.cz\/eshop\/produkt\/stojaci-lampa-uluv-2\/"},"modified":"2025-06-24T01:57:31","modified_gmt":"2025-06-23T23:57:31","slug":"stojaci-lampa-uluv-2","status":"publish","type":"product","link":"https:\/\/eterle.cz\/eshop\/produkt\/stojaci-lampa-uluv-2\/","title":{"rendered":"Stojac\u00ed lampa \/ \u00daLUV"},"content":{"rendered":"<p>Origin\u00e1ln\u00ed subtiln\u00ed d\u0159ev\u011bn\u00e1 stojac\u00ed lampa z 60. let minul\u00e9ho stolet\u00ed vyrobena pro \u00daLUV. Vhodn\u00e1 ke k\u0159eslu na \u010dten\u00ed nebo jen jako dopln\u011bk do ob\u00fdvac\u00edho pokoje \u010di lo\u017enice pro navozen\u00ed p\u0159\u00edjemn\u00e9 atmosf\u00e9ry.<\/p>\n<p>Stav: dobr\u00fd p\u016fvodn\u00ed, nov\u00e9 st\u00ednidlo z dobov\u00e9ho pap\u00edru, el. funk\u010dn\u00ed p\u016fvodn\u00ed<br \/>\nZna\u010dka: \u00daLUV<br \/>\nRozm\u011br<br \/>\nV\u00fd\u0161ka: 165 cm<br \/>\n\u0160\u00ed\u0159ka: 60 cm<br \/>\nHloubka: 92 cm<\/p>\n<p>&nbsp;<\/p>\n","protected":false},"excerpt":{"rendered":"<p>Origin\u00e1ln\u00ed subtiln\u00ed d\u0159ev\u011bn\u00e1 stojac\u00ed lampa z 60. let minul\u00e9ho stolet\u00ed vyrobena pro \u00daLUV. Vhodn\u00e1 ke k\u0159eslu na \u010dten\u00ed nebo jen<\/p>\n","protected":false},"featured_media":23585,"template":"","meta":[],"product_brand":[153],"product_cat":[79,142],"product_tag":[],"class_list":{"0":"post-23584","1":"product","2":"type-product","3":"status-publish","4":"has-post-thumbnail","6":"product_brand-eterle-cz","7":"product_cat-svetla","8":"product_cat-stojaci-lampy","9":"product_shipping_class-nadrozmerne","11":"first","12":"instock","13":"purchasable","14":"product-type-simple"},"_links":{"self":[{"href":"https:\/\/eterle.cz\/eshop\/wp-json\/wp\/v2\/product\/23584","targetHints":{"allow":["GET"]}}],"collection":[{"href":"https:\/\/eterle.cz\/eshop\/wp-json\/wp\/v2\/product"}],"about":[{"href":"https:\/\/eterle.cz\/eshop\/wp-json\/wp\/v2\/types\/product"}],"version-history":[{"count":1,"href":"https:\/\/eterle.cz\/eshop\/wp-json\/wp\/v2\/product\/23584\/revisions"}],"predecessor-version":[{"id":25221,"href":"https:\/\/eterle.cz\/eshop\/wp-json\/wp\/v2\/product\/23584\/revisions\/25221"}],"wp:featuredmedia":[{"embeddable":true,"href":"https:\/\/eterle.cz\/eshop\/wp-json\/wp\/v2\/media\/23585"}],"wp:attachment":[{"href":"https:\/\/eterle.cz\/eshop\/wp-json\/wp\/v2\/media?parent=23584"}],"wp:term":[{"taxonomy":"product_brand","embeddable":true,"href":"https:\/\/eterle.cz\/eshop\/wp-json\/wp\/v2\/product_brand?post=23584"},{"taxonomy":"product_cat","embeddable":true,"href":"https:\/\/eterle.cz\/eshop\/wp-json\/wp\/v2\/product_cat?post=23584"},{"taxonomy":"product_tag","embeddable":true,"href":"https:\/\/eterle.cz\/eshop\/wp-json\/wp\/v2\/product_tag?post=23584"}],"curies":[{"name":"wp","href":"https:\/\/api.w.org\/{rel}","templated":true}]}}