{"id":23616,"date":"2025-02-05T14:42:42","date_gmt":"2025-02-05T13:42:42","guid":{"rendered":"https:\/\/eterle.cz\/eshop\/produkt\/komoda-5\/"},"modified":"2025-03-08T18:26:08","modified_gmt":"2025-03-08T17:26:08","slug":"komoda-5","status":"publish","type":"product","link":"https:\/\/eterle.cz\/eshop\/produkt\/komoda-5\/","title":{"rendered":"Komoda"},"content":{"rendered":"<p>Jednoduch\u00e1 praktick\u00e1 sk\u0159\u00ed\u0148ka ze 70. let minul\u00e9ho stolet\u00ed s polic\u00ed poslou\u017e\u00ed na ulo\u017een\u00ed v\u0161eho, co nechcete, aby bylo p\u0159\u00edmo na o\u010d\u00edch.<\/p>\n<p>Stav: dobr\u00fd p\u016fvodn\u00ed<br \/>\nRozm\u011br<br \/>\nV\u00fd\u0161ka: 80 cm<br \/>\n\u0160\u00ed\u0159ka: 113 cm<br \/>\nHloubka: 39 cm<\/p>\n<p>&nbsp;<\/p>\n","protected":false},"excerpt":{"rendered":"<p>Jednoduch\u00e1 praktick\u00e1 sk\u0159\u00ed\u0148ka ze 70. let minul\u00e9ho stolet\u00ed s polic\u00ed poslou\u017e\u00ed na ulo\u017een\u00ed v\u0161eho, co nechcete, aby bylo p\u0159\u00edmo na<\/p>\n","protected":false},"featured_media":23617,"template":"","meta":[],"product_brand":[153],"product_cat":[91],"product_tag":[],"class_list":{"0":"post-23616","1":"product","2":"type-product","3":"status-publish","4":"has-post-thumbnail","6":"product_brand-eterle-cz","7":"product_cat-prodane","8":"product_shipping_class-nadrozmerne","10":"first","11":"outofstock","12":"purchasable","13":"product-type-simple"},"_links":{"self":[{"href":"https:\/\/eterle.cz\/eshop\/wp-json\/wp\/v2\/product\/23616","targetHints":{"allow":["GET"]}}],"collection":[{"href":"https:\/\/eterle.cz\/eshop\/wp-json\/wp\/v2\/product"}],"about":[{"href":"https:\/\/eterle.cz\/eshop\/wp-json\/wp\/v2\/types\/product"}],"version-history":[{"count":0,"href":"https:\/\/eterle.cz\/eshop\/wp-json\/wp\/v2\/product\/23616\/revisions"}],"wp:featuredmedia":[{"embeddable":true,"href":"https:\/\/eterle.cz\/eshop\/wp-json\/wp\/v2\/media\/23617"}],"wp:attachment":[{"href":"https:\/\/eterle.cz\/eshop\/wp-json\/wp\/v2\/media?parent=23616"}],"wp:term":[{"taxonomy":"product_brand","embeddable":true,"href":"https:\/\/eterle.cz\/eshop\/wp-json\/wp\/v2\/product_brand?post=23616"},{"taxonomy":"product_cat","embeddable":true,"href":"https:\/\/eterle.cz\/eshop\/wp-json\/wp\/v2\/product_cat?post=23616"},{"taxonomy":"product_tag","embeddable":true,"href":"https:\/\/eterle.cz\/eshop\/wp-json\/wp\/v2\/product_tag?post=23616"}],"curies":[{"name":"wp","href":"https:\/\/api.w.org\/{rel}","templated":true}]}}